{"id":152,"date":"2017-11-29T19:25:56","date_gmt":"2017-11-29T19:25:56","guid":{"rendered":"http:\/\/clinicadrtallon.com\/?page_id=152"},"modified":"2022-01-10T19:44:34","modified_gmt":"2022-01-10T19:44:34","slug":"peso","status":"publish","type":"page","link":"https:\/\/clinicadrtallon.com\/en\/peso\/","title":{"rendered":"Weight"},"content":{"rendered":"<p>[et_pb_section fb_built=&#8221;1&#8243; fullwidth=&#8221;on&#8221; _builder_version=&#8221;3.22&#8243; box_shadow_style=&#8221;preset3&#8243; global_colors_info=&#8221;{}&#8221;][et_pb_fullwidth_image src=&#8221;https:\/\/clinicadrtallon.com\/wp-content\/uploads\/2018\/03\/Destaque1_Header_01.jpg&#8221; _builder_version=&#8221;3.12.2&#8243; animation_style=&#8221;fade&#8221; box_shadow_style=&#8221;preset3&#8243; box_shadow_position=&#8221;inner&#8221; global_colors_info=&#8221;{}&#8221;]<\/p>\n<p>\n&nbsp;<\/p>\n<p>[\/et_pb_fullwidth_image][\/et_pb_section][et_pb_section fb_built=&#8221;1&#8243; _builder_version=&#8221;3.22&#8243; global_colors_info=&#8221;{}&#8221;][et_pb_row column_structure=&#8221;1_3,2_3&#8243; _builder_version=&#8221;3.25&#8243; background_size=&#8221;initial&#8221; background_position=&#8221;top_left&#8221; background_repeat=&#8221;repeat&#8221; global_colors_info=&#8221;{}&#8221;][et_pb_column type=&#8221;1_3&#8243; _builder_version=&#8221;3.25&#8243; custom_padding=&#8221;|||&#8221; global_colors_info=&#8221;{}&#8221; custom_padding__hover=&#8221;|||&#8221;][et_pb_image src=&#8221;https:\/\/clinicadrtallon.com\/wp-content\/uploads\/2018\/06\/Destaque1_Foto1_01.jpg&#8221; align_tablet=&#8221;center&#8221; align_phone=&#8221;&#8221; align_last_edited=&#8221;on|desktop&#8221; _builder_version=&#8221;3.23&#8243; animation_style=&#8221;fade&#8221; box_shadow_style=&#8221;preset1&#8243; box_shadow_blur=&#8221;8px&#8221; global_colors_info=&#8221;{}&#8221;]<\/p>\n<p>\n&nbsp;<\/p>\n<p>[\/et_pb_image][\/et_pb_column][et_pb_column type=&#8221;2_3&#8243; _builder_version=&#8221;3.25&#8243; custom_padding=&#8221;|||&#8221; global_colors_info=&#8221;{}&#8221; custom_padding__hover=&#8221;|||&#8221;][et_pb_text admin_label=&#8221;Texto&#8221; _builder_version=&#8221;3.27.4&#8243; text_orientation=&#8221;justified&#8221; global_colors_info=&#8221;{}&#8221;]<\/p>\n<h2><span style=\"color: #2b94de;\"><strong>Consultas de Peso<\/strong><\/span><\/h2>\n<p>[\/et_pb_text][et_pb_text admin_label=&#8221;Texto&#8221; _builder_version=&#8221;3.27.4&#8243; text_font_size=&#8221;16px&#8221; text_line_height=&#8221;1.8em&#8221; text_orientation=&#8221;justified&#8221; global_colors_info=&#8221;{}&#8221;]<\/p>\n<h4>Obesidade &#8211; Um Problema Real<\/h4>\n<p>O excesso de peso e a obesidade aumentam de ano para ano. Este problema afecta pessoas cada vez mais jovens, pelo que, h\u00e1 muito tempo deixou de ser tratado como um problema &#8220;apenas est\u00e9tico&#8221; para ser tratado como uma doen\u00e7a cr\u00f3nica com graves consequ\u00eancias para a sa\u00fade.<\/p>\n<p>H\u00e1 mais de 2000 anos, Hip\u00f3crates observou que a obesidade diminu\u00eda a esperan\u00e7a de vida.<\/p>\n<p>Existem v\u00e1rias causas para este aumento: umas de tipo heredit\u00e1rio, que levam a que o metabolismo da pessoa absorva uma maior quantidade dos alimentos ingeridos do que o &#8220;normal&#8221;, causa para o facto de certas pessoas engordarem mais do que outras comendo o mesmo; outras provenientes do estilo de vida ocidental cada vez mais sedent\u00e1rio (trabalhos pesados feitos por m\u00e1quinas, transportes at\u00e9 ao emprego, comandos \u00e0 dist\u00e2ncia, Internet, etc.), em que at\u00e9 as crian\u00e7as trocam o exerc\u00edcio f\u00edsico pelos jogos de computador.<\/p>\n<p>[\/et_pb_text][\/et_pb_column][\/et_pb_row][et_pb_row _builder_version=&#8221;3.25&#8243; background_size=&#8221;initial&#8221; background_position=&#8221;top_left&#8221; background_repeat=&#8221;repeat&#8221; global_colors_info=&#8221;{}&#8221;][et_pb_column type=&#8221;4_4&#8243; _builder_version=&#8221;3.25&#8243; custom_padding=&#8221;|||&#8221; global_colors_info=&#8221;{}&#8221; custom_padding__hover=&#8221;|||&#8221;][et_pb_text admin_label=&#8221;Texto&#8221; _builder_version=&#8221;3.27.4&#8243; text_font_size=&#8221;16px&#8221; text_line_height=&#8221;1.8em&#8221; text_orientation=&#8221;justified&#8221; global_colors_info=&#8221;{}&#8221;]<\/p>\n<p>\nPela falta de tempo ou pelo conforto, os h\u00e1bitos alimentares mudaram, e a nossa t\u00edpica dieta mediterr\u00e2nea deu lugar a fritos, bolos, fast-food e todo tipo de comida pr\u00e9-cozinhada muito rica em gordura saturada, a pior para nossa sa\u00fade.<\/p>\n<p>O stress, companheiro insepar\u00e1vel da nossa civiliza\u00e7\u00e3o, provoca ansiedade, depress\u00e3o e outras altera\u00e7\u00f5es do sistema nervoso, que podem tornar o metabolismo mais lento e nos fazem procurar uma compensa\u00e7\u00e3o na comida. A obesidade, directa ou indirectamente, tornar-se-\u00e1 rapidamente na causa de morte mais frequente no mundo ocidental, pelo que devemos estar atentos e recorrer a um m\u00e9dico especialista o quanto antes. O tratamento m\u00e9dico \u00e9 sempre poss\u00edvel.<\/p>\n<p>Devemos estar motivados e alterar os nossos h\u00e1bitos de vida, habituar-mo-nos a fazer exerc\u00edcio f\u00edsico, fraccionar as refei\u00e7\u00f5es e reduzir as quantidades, adaptando-as \u00e0s necessidades do nosso consumo real. Aparentemente simples, embora na realidade n\u00e3o o seja, a maioria das vezes a fome, a ansiedade, entre outros, n\u00e3o nos deixam cumprir esses objectivos, pelo que o m\u00e9dico usar\u00e1 a medica\u00e7\u00e3o adequada durante o tempo necess\u00e1rio, de forma personalizada, eficaz e segura.<\/p>\n<p>Em alguns casos de obesidade m\u00f3rbida poder\u00e1 ser necess\u00e1rio tamb\u00e9m um tratamento cir\u00fargico (banda g\u00e1strica, bal\u00e3o, by-pass gastrointestinal). \u00c9 importante saber que qualquer problema de obesidade pode ter solu\u00e7\u00e3o desde que haja predisposi\u00e7\u00e3o a cumprir o plano proposto.<\/p>\n<p>[\/et_pb_text][et_pb_divider show_divider=&#8221;off&#8221; _builder_version=&#8221;3.3.1&#8243; height=&#8221;0px&#8221; global_colors_info=&#8221;{}&#8221;][\/et_pb_divider][et_pb_button button_url=&#8221;http:\/\/clinicadrtallon.com\/contact\/&#8221; button_text=&#8221;Fa\u00e7a j\u00e1 a sua marca\u00e7\u00e3o&#8221; button_alignment=&#8221;center&#8221; admin_label=&#8221;Bot\u00e3o Marca\u00e7\u00e3o&#8221; _builder_version=&#8221;4.13.0&#8243; custom_button=&#8221;on&#8221; button_bg_color=&#8221;#1e73be&#8221; button_border_width=&#8221;0&#8243; button_icon=&#8221;&#x35;||divi||400&#8243; background_layout=&#8221;dark&#8221; box_shadow_style=&#8221;preset2&#8243; global_colors_info=&#8221;{}&#8221; button_text_size__hover_enabled=&#8221;off&#8221; button_text_size__hover=&#8221;null&#8221; button_one_text_size__hover_enabled=&#8221;off&#8221; button_one_text_size__hover=&#8221;null&#8221; button_two_text_size__hover_enabled=&#8221;off&#8221; button_two_text_size__hover=&#8221;null&#8221; button_text_color__hover_enabled=&#8221;off&#8221; button_text_color__hover=&#8221;null&#8221; button_one_text_color__hover_enabled=&#8221;off&#8221; button_one_text_color__hover=&#8221;null&#8221; button_two_text_color__hover_enabled=&#8221;off&#8221; button_two_text_color__hover=&#8221;null&#8221; button_border_width__hover_enabled=&#8221;off&#8221; button_border_width__hover=&#8221;null&#8221; button_one_border_width__hover_enabled=&#8221;off&#8221; button_one_border_width__hover=&#8221;null&#8221; button_two_border_width__hover_enabled=&#8221;off&#8221; button_two_border_width__hover=&#8221;null&#8221; button_border_color__hover_enabled=&#8221;off&#8221; button_border_color__hover=&#8221;null&#8221; button_one_border_color__hover_enabled=&#8221;off&#8221; button_one_border_color__hover=&#8221;null&#8221; button_two_border_color__hover_enabled=&#8221;off&#8221; button_two_border_color__hover=&#8221;null&#8221; button_border_radius__hover_enabled=&#8221;off&#8221; button_border_radius__hover=&#8221;null&#8221; button_one_border_radius__hover_enabled=&#8221;off&#8221; button_one_border_radius__hover=&#8221;null&#8221; button_two_border_radius__hover_enabled=&#8221;off&#8221; button_two_border_radius__hover=&#8221;null&#8221; button_letter_spacing__hover_enabled=&#8221;off&#8221; button_letter_spacing__hover=&#8221;null&#8221; button_one_letter_spacing__hover_enabled=&#8221;off&#8221; button_one_letter_spacing__hover=&#8221;null&#8221; button_two_letter_spacing__hover_enabled=&#8221;off&#8221; button_two_letter_spacing__hover=&#8221;null&#8221; button_bg_color__hover_enabled=&#8221;off&#8221; button_bg_color__hover=&#8221;null&#8221; button_one_bg_color__hover_enabled=&#8221;off&#8221; button_one_bg_color__hover=&#8221;null&#8221; button_two_bg_color__hover_enabled=&#8221;off&#8221; button_two_bg_color__hover=&#8221;null&#8221;]<\/p>\n<p>\n&nbsp;<\/p>\n<p>[\/et_pb_button][et_pb_divider show_divider=&#8221;off&#8221; _builder_version=&#8221;3.3.1&#8243; height=&#8221;0px&#8221; global_colors_info=&#8221;{}&#8221;][\/et_pb_divider][et_pb_text admin_label=&#8221;Texto&#8221; _builder_version=&#8221;4.4.3&#8243; text_font_size=&#8221;16px&#8221; text_orientation=&#8221;justified&#8221; global_colors_info=&#8221;{}&#8221;]<\/p>\n<h3 style=\"text-align: center;\">Sabia que tamb\u00e9m j\u00e1 pode fazer uma consulta sem ter de se deslocar at\u00e9 n\u00f3s?<\/h3>\n<p>&nbsp;<\/p>\n<p style=\"text-align: center;\">Veja como, consultando a nossa p\u00e1gina das <a href=\"http:\/\/clinicadrtallon.com\/consultaonline\/\">CONSULTAS ONLINE<\/a><\/p>\n<p>[\/et_pb_text][\/et_pb_column][\/et_pb_row][\/et_pb_section][et_pb_section fb_built=&#8221;1&#8243; _builder_version=&#8221;3.22&#8243; background_color=&#8221;#3e86c1&#8243; custom_padding=&#8221;0px|0px|0px|0px&#8221; global_colors_info=&#8221;{}&#8221;][et_pb_row column_structure=&#8221;1_3,1_3,1_3&#8243; _builder_version=&#8221;3.25&#8243; background_size=&#8221;initial&#8221; background_position=&#8221;top_left&#8221; background_repeat=&#8221;repeat&#8221; custom_padding=&#8221;26px|0px|25px|0px&#8221; global_colors_info=&#8221;{}&#8221;][et_pb_column type=&#8221;1_3&#8243; _builder_version=&#8221;3.25&#8243; custom_padding=&#8221;|||&#8221; global_colors_info=&#8221;{}&#8221; custom_padding__hover=&#8221;|||&#8221;][et_pb_image src=&#8221;https:\/\/clinicadrtallon.com\/wp-content\/uploads\/2018\/02\/UltraWise_03.png&#8221; url=&#8221;http:\/\/www.ultrawise.pt&#8221; url_new_window=&#8221;on&#8221; align_tablet=&#8221;center&#8221; align_phone=&#8221;&#8221; align_last_edited=&#8221;on|desktop&#8221; admin_label=&#8221;UltraWise&#8221; _builder_version=&#8221;3.23&#8243; global_colors_info=&#8221;{}&#8221;]<\/p>\n<p>\n&nbsp;<\/p>\n<p>[\/et_pb_image][\/et_pb_column][et_pb_column type=&#8221;1_3&#8243; _builder_version=&#8221;3.25&#8243; custom_padding=&#8221;|||&#8221; global_colors_info=&#8221;{}&#8221; custom_padding__hover=&#8221;|||&#8221;][et_pb_text admin_label=&#8221;Privacidade&#8221; _builder_version=&#8221;3.27.4&#8243; custom_padding=&#8221;20px|||&#8221; z_index_tablet=&#8221;500&#8243; global_colors_info=&#8221;{}&#8221;]<\/p>\n<p style=\"text-align: center;\">\u00a0<span style=\"color: #ffffff;\"><a style=\"color: #ffffff;\" href=\"https:\/\/clinicadrtallon.com\/privacidade\/\">Pol\u00edtica de Privacidade<\/a><\/span><\/p>\n<p>[\/et_pb_text][\/et_pb_column][et_pb_column type=&#8221;1_3&#8243; _builder_version=&#8221;3.25&#8243; custom_padding=&#8221;|||&#8221; global_colors_info=&#8221;{}&#8221; custom_padding__hover=&#8221;|||&#8221;][et_pb_blurb admin_label=&#8221;Redes Sociais&#8221; _builder_version=&#8221;4.14.5&#8243; body_text_align=&#8221;right&#8221; text_orientation=&#8221;right&#8221; z_index_tablet=&#8221;500&#8243; header_text_shadow_horizontal_length_tablet=&#8221;0px&#8221; header_text_shadow_vertical_length_tablet=&#8221;0px&#8221; header_text_shadow_blur_strength_tablet=&#8221;1px&#8221; body_text_shadow_horizontal_length_tablet=&#8221;0px&#8221; body_text_shadow_vertical_length_tablet=&#8221;0px&#8221; body_text_shadow_blur_strength_tablet=&#8221;1px&#8221; body_link_text_shadow_horizontal_length_tablet=&#8221;0px&#8221; body_link_text_shadow_vertical_length_tablet=&#8221;0px&#8221; body_link_text_shadow_blur_strength_tablet=&#8221;1px&#8221; body_ul_text_shadow_horizontal_length_tablet=&#8221;0px&#8221; body_ul_text_shadow_vertical_length_tablet=&#8221;0px&#8221; body_ul_text_shadow_blur_strength_tablet=&#8221;1px&#8221; body_ol_text_shadow_horizontal_length_tablet=&#8221;0px&#8221; body_ol_text_shadow_vertical_length_tablet=&#8221;0px&#8221; body_ol_text_shadow_blur_strength_tablet=&#8221;1px&#8221; body_quote_text_shadow_horizontal_length_tablet=&#8221;0px&#8221; body_quote_text_shadow_vertical_length_tablet=&#8221;0px&#8221; body_quote_text_shadow_blur_strength_tablet=&#8221;1px&#8221; box_shadow_horizontal_tablet=&#8221;0px&#8221; box_shadow_vertical_tablet=&#8221;0px&#8221; box_shadow_blur_tablet=&#8221;40px&#8221; box_shadow_spread_tablet=&#8221;0px&#8221; box_shadow_horizontal_image_tablet=&#8221;0px&#8221; box_shadow_vertical_image_tablet=&#8221;0px&#8221; box_shadow_blur_image_tablet=&#8221;40px&#8221; box_shadow_spread_image_tablet=&#8221;0px&#8221; text_shadow_horizontal_length_tablet=&#8221;0px&#8221; text_shadow_vertical_length_tablet=&#8221;0px&#8221; text_shadow_blur_strength_tablet=&#8221;1px&#8221; global_colors_info=&#8221;{}&#8221; locked=&#8221;off&#8221;]<\/p>\n<p><a href=\"https:\/\/www.facebook.com\/clinicatallon\/\" target=\"_blank\" rel=\"noopener noreferrer\"><img loading=\"lazy\" decoding=\"async\" class=\"alignnone wp-image-1124 size-full\" src=\"https:\/\/clinicadrtallon.com\/wp-content\/uploads\/2018\/11\/Facebook_05.png\" alt=\"\" width=\"70\" height=\"50\" \/><\/a><a href=\"https:\/\/www.instagram.com\/clinicadrtallon\/\" target=\"_blank\" rel=\"noopener noreferrer\"><img loading=\"lazy\" decoding=\"async\" class=\"alignnone wp-image-2833 size-full\" src=\"https:\/\/clinicadrtallon.com\/wp-content\/uploads\/2022\/01\/Instagram_05.png\" alt=\"\" width=\"70\" height=\"50\" srcset=\"https:\/\/clinicadrtallon.com\/wp-content\/uploads\/2022\/01\/Instagram_05.png 70w, https:\/\/clinicadrtallon.com\/wp-content\/uploads\/2022\/01\/Instagram_05-18x12.png 18w\" sizes=\"(max-width: 70px) 100vw, 70px\" \/><\/a> <a href=\"https:\/\/www.youtube.com\/channel\/UC_ztQaY26Y0avsaJw-RcrhA\" target=\"_blank\" rel=\"noopener noreferrer\"><img loading=\"lazy\" decoding=\"async\" class=\"alignnone wp-image-2834 size-full\" src=\"https:\/\/clinicadrtallon.com\/wp-content\/uploads\/2022\/01\/YouTube_03.png\" alt=\"\" width=\"70\" height=\"50\" srcset=\"https:\/\/clinicadrtallon.com\/wp-content\/uploads\/2022\/01\/YouTube_03.png 70w, https:\/\/clinicadrtallon.com\/wp-content\/uploads\/2022\/01\/YouTube_03-18x12.png 18w\" sizes=\"(max-width: 70px) 100vw, 70px\" \/><\/a><\/p>\n<p>[\/et_pb_blurb][\/et_pb_column][\/et_pb_row][\/et_pb_section]<\/p>\n","protected":false},"excerpt":{"rendered":"<p>&nbsp; &nbsp; Consultas de Peso Obesidade &#8211; Um Problema Real O excesso de peso e a obesidade aumentam de ano para ano. Este problema afecta pessoas cada vez mais jovens, pelo que, h\u00e1 muito tempo deixou de ser tratado como um problema &#8220;apenas est\u00e9tico&#8221; para ser tratado como uma doen\u00e7a cr\u00f3nica com graves consequ\u00eancias para [&hellip;]<\/p>\n","protected":false},"author":1,"featured_media":0,"parent":0,"menu_order":0,"comment_status":"closed","ping_status":"closed","template":"","meta":{"_et_pb_use_builder":"on","_et_pb_old_content":"","_et_gb_content_width":"","footnotes":""},"class_list":["post-152","page","type-page","status-publish","hentry"],"_links":{"self":[{"href":"https:\/\/clinicadrtallon.com\/en\/wp-json\/wp\/v2\/pages\/152","targetHints":{"allow":["GET"]}}],"collection":[{"href":"https:\/\/clinicadrtallon.com\/en\/wp-json\/wp\/v2\/pages"}],"about":[{"href":"https:\/\/clinicadrtallon.com\/en\/wp-json\/wp\/v2\/types\/page"}],"author":[{"embeddable":true,"href":"https:\/\/clinicadrtallon.com\/en\/wp-json\/wp\/v2\/users\/1"}],"replies":[{"embeddable":true,"href":"https:\/\/clinicadrtallon.com\/en\/wp-json\/wp\/v2\/comments?post=152"}],"version-history":[{"count":0,"href":"https:\/\/clinicadrtallon.com\/en\/wp-json\/wp\/v2\/pages\/152\/revisions"}],"wp:attachment":[{"href":"https:\/\/clinicadrtallon.com\/en\/wp-json\/wp\/v2\/media?parent=152"}],"curies":[{"name":"wp","href":"https:\/\/api.w.org\/{rel}","templated":true}]}}