{"id":154,"date":"2017-11-29T19:26:40","date_gmt":"2017-11-29T19:26:40","guid":{"rendered":"http:\/\/clinicadrtallon.com\/?page_id=154"},"modified":"2022-05-05T18:24:19","modified_gmt":"2022-05-05T18:24:19","slug":"estetica","status":"publish","type":"page","link":"https:\/\/clinicadrtallon.com\/en\/estetica\/","title":{"rendered":"Aesthetics"},"content":{"rendered":"<p>[et_pb_section fb_built=&#8221;1&#8243; fullwidth=&#8221;on&#8221; _builder_version=&#8221;4.16&#8243; box_shadow_style=&#8221;preset3&#8243; global_colors_info=&#8221;{}&#8221;][et_pb_fullwidth_image src=&#8221;https:\/\/clinicadrtallon.com\/wp-content\/uploads\/2018\/03\/Destaque2_Header_01.jpg&#8221; _builder_version=&#8221;4.16&#8243; animation_style=&#8221;fade&#8221; box_shadow_style=&#8221;preset3&#8243; box_shadow_position=&#8221;inner&#8221; global_colors_info=&#8221;{}&#8221;]<\/p>\n<p>\n&nbsp;<\/p>\n<p>[\/et_pb_fullwidth_image][\/et_pb_section][et_pb_section fb_built=&#8221;1&#8243; specialty=&#8221;on&#8221; _builder_version=&#8221;4.16&#8243; custom_padding=&#8221;27px|0px|0|0px|false|false&#8221; global_colors_info=&#8221;{}&#8221;][et_pb_column type=&#8221;1_4&#8243; _builder_version=&#8221;4.16&#8243; custom_padding=&#8221;|||&#8221; global_colors_info=&#8221;{}&#8221; custom_padding__hover=&#8221;|||&#8221;][et_pb_sidebar area=&#8221;et_pb_widget_area_1&#8243; _builder_version=&#8221;4.16&#8243; header_font=&#8221;|800|||||||&#8221; header_font_size=&#8221;16px&#8221; global_colors_info=&#8221;{}&#8221;]<\/p>\n<p>\n&nbsp;<\/p>\n<p>[\/et_pb_sidebar][\/et_pb_column][et_pb_column type=&#8221;3_4&#8243; specialty_columns=&#8221;3&#8243; _builder_version=&#8221;4.16&#8243; custom_padding=&#8221;|||&#8221; global_colors_info=&#8221;{}&#8221; custom_padding__hover=&#8221;|||&#8221;][et_pb_row_inner admin_label=&#8221;Row&#8221; _builder_version=&#8221;4.16&#8243; global_colors_info=&#8221;{}&#8221;][et_pb_column_inner saved_specialty_column_type=&#8221;3_4&#8243; _builder_version=&#8221;4.16&#8243; custom_padding=&#8221;|||&#8221; global_colors_info=&#8221;{}&#8221; custom_padding__hover=&#8221;|||&#8221;][et_pb_text admin_label=&#8221;Medicina Est\u00e9tica&#8221; _builder_version=&#8221;4.16&#8243; text_orientation=&#8221;justified&#8221; global_colors_info=&#8221;{}&#8221;]<\/p>\n<h2><span style=\"color: #2b94de;\"><strong>Medicina Est\u00e9tica<\/strong><\/span><\/h2>\n<p>[\/et_pb_text][et_pb_text admin_label=&#8221;Introdu\u00e7\u00e3o&#8221; _builder_version=&#8221;4.17.3&#8243; text_font_size=&#8221;16px&#8221; text_line_height=&#8221;1.8em&#8221; text_orientation=&#8221;justified&#8221; hover_enabled=&#8221;0&#8243; global_colors_info=&#8221;{}&#8221; sticky_enabled=&#8221;0&#8243;]<\/p>\n<h4>Minimizar os efeitos do tempo e melhorar a auto-estima j\u00e1 \u00e9 uma realidade segura e acess\u00edvel.<\/h4>\n<p>A evolu\u00e7\u00e3o da medicina aplicada no campo da est\u00e9tica permite hoje resultados que outrora s\u00f3 eram poss\u00edveis com a cirurgia. Todos os recursos atuais remetem a Medicina Est\u00e9tica a um marco que contribui para um bem-estar f\u00edsico, mental e social.<\/p>\n<p>[\/et_pb_text][et_pb_image src=&#8221;https:\/\/clinicadrtallon.com\/wp-content\/uploads\/2018\/06\/Destaque2_Foto1_02.jpg&#8221; align_tablet=&#8221;center&#8221; align_phone=&#8221;&#8221; align_last_edited=&#8221;on|desktop&#8221; admin_label=&#8221;Imagem&#8221; _builder_version=&#8221;4.16&#8243; animation_style=&#8221;fade&#8221; box_shadow_style=&#8221;preset1&#8243; box_shadow_blur=&#8221;8px&#8221; global_colors_info=&#8221;{}&#8221;]<\/p>\n<p>\n&nbsp;<\/p>\n<p>[\/et_pb_image][\/et_pb_column_inner][\/et_pb_row_inner][\/et_pb_column][\/et_pb_section][et_pb_section fb_built=&#8221;1&#8243; _builder_version=&#8221;4.16&#8243; custom_padding=&#8221;0|0px|54px|0px|false|false&#8221; global_colors_info=&#8221;{}&#8221;][et_pb_row _builder_version=&#8221;4.16&#8243; background_size=&#8221;initial&#8221; background_position=&#8221;top_left&#8221; background_repeat=&#8221;repeat&#8221; custom_padding=&#8221;0|0px|27px|0px|false|false&#8221; global_colors_info=&#8221;{}&#8221;][et_pb_column type=&#8221;4_4&#8243; _builder_version=&#8221;4.16&#8243; custom_padding=&#8221;|||&#8221; global_colors_info=&#8221;{}&#8221; custom_padding__hover=&#8221;|||&#8221;][et_pb_text admin_label=&#8221;Texto&#8221; _builder_version=&#8221;4.16&#8243; text_font_size=&#8221;16px&#8221; text_line_height=&#8221;1.8em&#8221; text_orientation=&#8221;justified&#8221; global_colors_info=&#8221;{}&#8221;]<\/p>\n<p>\nEstamos perante uma sociedade marcada pela competitividade e uma crescente preocupa\u00e7\u00e3o com a \u201cauto-imagem\u201d, surgindo assim um maior cuidado com o corpo, procurando contorno corporal mais harm\u00f3nico, cuidado com o vestu\u00e1rio, cosm\u00e9tica, o qual \u00e9 encarado como uma &#8220;vaidade positiva&#8221;, pois expressa uma valoriza\u00e7\u00e3o da auto-estima e enquadramento social, justificando assim o crescente intervencionismo de servi\u00e7os m\u00e9dico est\u00e9ticos.<\/p>\n<p>Actualmente, a Medicina Est\u00e9tica permite oferecer, a ambos os sexos, um alto grau de satisfa\u00e7\u00e3o com uma margem de seguran\u00e7a muito vasta.<\/p>\n<p>Qualquer tratamento deve ser cuidadosamente preparado e planeado, para isso \u00e9 necess\u00e1rio realizar um estudo pr\u00e9vio. Um historial m\u00e9dico \u00e9 imprescind\u00edvel, assim como todos os exames complementares necess\u00e1rios. Nos casos em que \u00e9 necess\u00e1rio o recurso \u00e0 cirurgia est\u00e9tica, a maioria das interven\u00e7\u00f5es ser\u00e3o feitas com anestesia local e em regime ambulat\u00f3rio, o que normalmente, evitar\u00e1 o internamento e aumentar\u00e1 a seguran\u00e7a. Por cada caso ser diferente, a escolha da t\u00e9cnica cir\u00fargica ser\u00e1 feita pelo cirurgi\u00e3o que, juntamente com o paciente, analisar\u00e1 os pr\u00f3s e contras de cada interven\u00e7\u00e3o.<\/p>\n<p>[\/et_pb_text][et_pb_button button_url=&#8221;https:\/\/clinicadrtallon.com\/contact\/&#8221; button_text=&#8221;Fa\u00e7a j\u00e1 a sua marca\u00e7\u00e3o&#8221; button_alignment=&#8221;center&#8221; admin_label=&#8221;Bot\u00e3o Marca\u00e7\u00e3o&#8221; _builder_version=&#8221;4.17.3&#8243; custom_button=&#8221;on&#8221; button_bg_color=&#8221;#1e73be&#8221; button_border_width=&#8221;0&#8243; button_icon=&#8221;&#x35;||divi||400&#8243; background_layout=&#8221;dark&#8221; hover_enabled=&#8221;0&#8243; box_shadow_style=&#8221;preset2&#8243; global_colors_info=&#8221;{}&#8221; button_text_size__hover_enabled=&#8221;off&#8221; button_text_size__hover=&#8221;null&#8221; button_one_text_size__hover_enabled=&#8221;off&#8221; button_one_text_size__hover=&#8221;null&#8221; button_two_text_size__hover_enabled=&#8221;off&#8221; button_two_text_size__hover=&#8221;null&#8221; button_text_color__hover_enabled=&#8221;off&#8221; button_text_color__hover=&#8221;null&#8221; button_one_text_color__hover_enabled=&#8221;off&#8221; button_one_text_color__hover=&#8221;null&#8221; button_two_text_color__hover_enabled=&#8221;off&#8221; button_two_text_color__hover=&#8221;null&#8221; button_border_width__hover_enabled=&#8221;off&#8221; button_border_width__hover=&#8221;null&#8221; button_one_border_width__hover_enabled=&#8221;off&#8221; button_one_border_width__hover=&#8221;null&#8221; button_two_border_width__hover_enabled=&#8221;off&#8221; button_two_border_width__hover=&#8221;null&#8221; button_border_color__hover_enabled=&#8221;off&#8221; button_border_color__hover=&#8221;null&#8221; button_one_border_color__hover_enabled=&#8221;off&#8221; button_one_border_color__hover=&#8221;null&#8221; button_two_border_color__hover_enabled=&#8221;off&#8221; button_two_border_color__hover=&#8221;null&#8221; button_border_radius__hover_enabled=&#8221;off&#8221; button_border_radius__hover=&#8221;null&#8221; button_one_border_radius__hover_enabled=&#8221;off&#8221; button_one_border_radius__hover=&#8221;null&#8221; button_two_border_radius__hover_enabled=&#8221;off&#8221; button_two_border_radius__hover=&#8221;null&#8221; button_letter_spacing__hover_enabled=&#8221;off&#8221; button_letter_spacing__hover=&#8221;null&#8221; button_one_letter_spacing__hover_enabled=&#8221;off&#8221; button_one_letter_spacing__hover=&#8221;null&#8221; button_two_letter_spacing__hover_enabled=&#8221;off&#8221; button_two_letter_spacing__hover=&#8221;null&#8221; button_bg_color__hover_enabled=&#8221;off&#8221; button_bg_color__hover=&#8221;null&#8221; button_one_bg_color__hover_enabled=&#8221;off&#8221; button_one_bg_color__hover=&#8221;null&#8221; button_two_bg_color__hover_enabled=&#8221;off&#8221; button_two_bg_color__hover=&#8221;null&#8221; sticky_enabled=&#8221;0&#8243;]<\/p>\n<p>\n&nbsp;<\/p>\n<p>[\/et_pb_button][\/et_pb_column][\/et_pb_row][\/et_pb_section][et_pb_section fb_built=&#8221;1&#8243; _builder_version=&#8221;4.16&#8243; background_color=&#8221;#3e86c1&#8243; custom_padding=&#8221;0px|0px|0px|0px&#8221; global_colors_info=&#8221;{}&#8221;][et_pb_row column_structure=&#8221;1_3,1_3,1_3&#8243; _builder_version=&#8221;4.16&#8243; background_size=&#8221;initial&#8221; background_position=&#8221;top_left&#8221; background_repeat=&#8221;repeat&#8221; custom_padding=&#8221;26px|0px|25px|0px&#8221; global_colors_info=&#8221;{}&#8221;][et_pb_column type=&#8221;1_3&#8243; _builder_version=&#8221;4.16&#8243; custom_padding=&#8221;|||&#8221; global_colors_info=&#8221;{}&#8221; custom_padding__hover=&#8221;|||&#8221;][et_pb_image src=&#8221;https:\/\/clinicadrtallon.com\/wp-content\/uploads\/2018\/02\/UltraWise_03.png&#8221; url=&#8221;http:\/\/www.ultrawise.pt&#8221; url_new_window=&#8221;on&#8221; align_tablet=&#8221;center&#8221; align_phone=&#8221;&#8221; align_last_edited=&#8221;on|desktop&#8221; admin_label=&#8221;UltraWise&#8221; _builder_version=&#8221;4.16&#8243; global_colors_info=&#8221;{}&#8221;]<\/p>\n<p>\n&nbsp;<\/p>\n<p>[\/et_pb_image][\/et_pb_column][et_pb_column type=&#8221;1_3&#8243; _builder_version=&#8221;4.16&#8243; custom_padding=&#8221;|||&#8221; global_colors_info=&#8221;{}&#8221; custom_padding__hover=&#8221;|||&#8221;][et_pb_text admin_label=&#8221;Privacidade&#8221; _builder_version=&#8221;4.16&#8243; custom_padding=&#8221;20px|||&#8221; z_index_tablet=&#8221;500&#8243; global_colors_info=&#8221;{}&#8221;]<\/p>\n<p style=\"text-align: center;\">\u00a0<span style=\"color: #ffffff;\"><a style=\"color: #ffffff;\" href=\"https:\/\/clinicadrtallon.com\/privacidade\/\">Pol\u00edtica de Privacidade<\/a><\/span><\/p>\n<p>[\/et_pb_text][\/et_pb_column][et_pb_column type=&#8221;1_3&#8243; _builder_version=&#8221;4.16&#8243; custom_padding=&#8221;|||&#8221; global_colors_info=&#8221;{}&#8221; custom_padding__hover=&#8221;|||&#8221;][et_pb_blurb admin_label=&#8221;Redes Sociais&#8221; _builder_version=&#8221;4.16&#8243; body_text_align=&#8221;right&#8221; text_orientation=&#8221;right&#8221; z_index_tablet=&#8221;500&#8243; header_text_shadow_horizontal_length_tablet=&#8221;0px&#8221; header_text_shadow_vertical_length_tablet=&#8221;0px&#8221; header_text_shadow_blur_strength_tablet=&#8221;1px&#8221; body_text_shadow_horizontal_length_tablet=&#8221;0px&#8221; body_text_shadow_vertical_length_tablet=&#8221;0px&#8221; body_text_shadow_blur_strength_tablet=&#8221;1px&#8221; body_link_text_shadow_horizontal_length_tablet=&#8221;0px&#8221; body_link_text_shadow_vertical_length_tablet=&#8221;0px&#8221; body_link_text_shadow_blur_strength_tablet=&#8221;1px&#8221; body_ul_text_shadow_horizontal_length_tablet=&#8221;0px&#8221; body_ul_text_shadow_vertical_length_tablet=&#8221;0px&#8221; body_ul_text_shadow_blur_strength_tablet=&#8221;1px&#8221; body_ol_text_shadow_horizontal_length_tablet=&#8221;0px&#8221; body_ol_text_shadow_vertical_length_tablet=&#8221;0px&#8221; body_ol_text_shadow_blur_strength_tablet=&#8221;1px&#8221; body_quote_text_shadow_horizontal_length_tablet=&#8221;0px&#8221; body_quote_text_shadow_vertical_length_tablet=&#8221;0px&#8221; body_quote_text_shadow_blur_strength_tablet=&#8221;1px&#8221; box_shadow_horizontal_tablet=&#8221;0px&#8221; box_shadow_vertical_tablet=&#8221;0px&#8221; box_shadow_blur_tablet=&#8221;40px&#8221; box_shadow_spread_tablet=&#8221;0px&#8221; box_shadow_horizontal_image_tablet=&#8221;0px&#8221; box_shadow_vertical_image_tablet=&#8221;0px&#8221; box_shadow_blur_image_tablet=&#8221;40px&#8221; box_shadow_spread_image_tablet=&#8221;0px&#8221; text_shadow_horizontal_length_tablet=&#8221;0px&#8221; text_shadow_vertical_length_tablet=&#8221;0px&#8221; text_shadow_blur_strength_tablet=&#8221;1px&#8221; locked=&#8221;off&#8221; global_colors_info=&#8221;{}&#8221;]<\/p>\n<p><a href=\"https:\/\/www.facebook.com\/clinicatallon\/\" target=\"_blank\" rel=\"noopener noreferrer\"><img loading=\"lazy\" decoding=\"async\" class=\"alignnone wp-image-1124 size-full\" src=\"https:\/\/clinicadrtallon.com\/wp-content\/uploads\/2018\/11\/Facebook_05.png\" alt=\"\" width=\"70\" height=\"50\" \/><\/a><a href=\"https:\/\/www.instagram.com\/clinicadrtallon\/\" target=\"_blank\" rel=\"noopener noreferrer\"><img loading=\"lazy\" decoding=\"async\" class=\"alignnone wp-image-2833 size-full\" src=\"https:\/\/clinicadrtallon.com\/wp-content\/uploads\/2022\/01\/Instagram_05.png\" alt=\"\" width=\"70\" height=\"50\" srcset=\"https:\/\/clinicadrtallon.com\/wp-content\/uploads\/2022\/01\/Instagram_05.png 70w, https:\/\/clinicadrtallon.com\/wp-content\/uploads\/2022\/01\/Instagram_05-18x12.png 18w\" sizes=\"(max-width: 70px) 100vw, 70px\" \/><\/a> <a href=\"https:\/\/www.youtube.com\/channel\/UC_ztQaY26Y0avsaJw-RcrhA\" target=\"_blank\" rel=\"noopener noreferrer\"><img loading=\"lazy\" decoding=\"async\" class=\"alignnone wp-image-2834 size-full\" src=\"https:\/\/clinicadrtallon.com\/wp-content\/uploads\/2022\/01\/YouTube_03.png\" alt=\"\" width=\"70\" height=\"50\" srcset=\"https:\/\/clinicadrtallon.com\/wp-content\/uploads\/2022\/01\/YouTube_03.png 70w, https:\/\/clinicadrtallon.com\/wp-content\/uploads\/2022\/01\/YouTube_03-18x12.png 18w\" sizes=\"(max-width: 70px) 100vw, 70px\" \/><\/a><\/p>\n<p>[\/et_pb_blurb][\/et_pb_column][\/et_pb_row][\/et_pb_section]<\/p>\n","protected":false},"excerpt":{"rendered":"<p>&nbsp; &nbsp; Medicina Est\u00e9tica Minimizar os efeitos do tempo e melhorar a auto-estima j\u00e1 \u00e9 uma realidade segura e acess\u00edvel. A evolu\u00e7\u00e3o da medicina aplicada no campo da est\u00e9tica permite hoje resultados que outrora s\u00f3 eram poss\u00edveis com a cirurgia. Todos os recursos atuais remetem a Medicina Est\u00e9tica a um marco que contribui para um [&hellip;]<\/p>\n","protected":false},"author":1,"featured_media":0,"parent":0,"menu_order":0,"comment_status":"closed","ping_status":"closed","template":"","meta":{"_et_pb_use_builder":"on","_et_pb_old_content":"","_et_gb_content_width":"","footnotes":""},"class_list":["post-154","page","type-page","status-publish","hentry"],"_links":{"self":[{"href":"https:\/\/clinicadrtallon.com\/en\/wp-json\/wp\/v2\/pages\/154","targetHints":{"allow":["GET"]}}],"collection":[{"href":"https:\/\/clinicadrtallon.com\/en\/wp-json\/wp\/v2\/pages"}],"about":[{"href":"https:\/\/clinicadrtallon.com\/en\/wp-json\/wp\/v2\/types\/page"}],"author":[{"embeddable":true,"href":"https:\/\/clinicadrtallon.com\/en\/wp-json\/wp\/v2\/users\/1"}],"replies":[{"embeddable":true,"href":"https:\/\/clinicadrtallon.com\/en\/wp-json\/wp\/v2\/comments?post=154"}],"version-history":[{"count":0,"href":"https:\/\/clinicadrtallon.com\/en\/wp-json\/wp\/v2\/pages\/154\/revisions"}],"wp:attachment":[{"href":"https:\/\/clinicadrtallon.com\/en\/wp-json\/wp\/v2\/media?parent=154"}],"curies":[{"name":"wp","href":"https:\/\/api.w.org\/{rel}","templated":true}]}}