{"id":1569,"date":"2020-04-28T16:57:31","date_gmt":"2020-04-28T16:57:31","guid":{"rendered":"https:\/\/clinicadrtallon.com\/?page_id=1569"},"modified":"2024-04-05T18:56:02","modified_gmt":"2024-04-05T18:56:02","slug":"consultaonline","status":"publish","type":"page","link":"https:\/\/clinicadrtallon.com\/en\/consultaonline\/","title":{"rendered":"ConsultaOnline"},"content":{"rendered":"<p>[et_pb_section fb_built=&#8221;1&#8243; fullwidth=&#8221;on&#8221; admin_label=&#8221;Header Section&#8221; _builder_version=&#8221;4.16&#8243; box_shadow_style=&#8221;preset3&#8243; locked=&#8221;off&#8221; global_colors_info=&#8221;{}&#8221;][et_pb_fullwidth_image src=&#8221;https:\/\/clinicadrtallon.com\/wp-content\/uploads\/2021\/04\/Destaque1_Header_03_pt.jpg&#8221; title_text=&#8221;casual young man with hand in pocket and in hair&#8221; _builder_version=&#8221;4.16&#8243; animation_style=&#8221;fade&#8221; global_colors_info=&#8221;{}&#8221;]<\/p>\n<p>[\/et_pb_fullwidth_image][\/et_pb_section][et_pb_section fb_built=&#8221;1&#8243; _builder_version=&#8221;4.16&#8243; min_height=&#8221;748.3px&#8221; global_colors_info=&#8221;{}&#8221;][et_pb_row admin_label=&#8221;Title Row&#8221; _builder_version=&#8221;4.16&#8243; global_colors_info=&#8221;{}&#8221;][et_pb_column type=&#8221;4_4&#8243; _builder_version=&#8221;4.16&#8243; global_colors_info=&#8221;{}&#8221;][et_pb_text admin_label=&#8221;Title %22O que s\u00e3o?%22&#8243; _builder_version=&#8221;4.24.2&#8243; text_font=&#8221;||||||||&#8221; text_letter_spacing=&#8221;5px&#8221; header_font=&#8221;||||||||&#8221; header_4_font=&#8221;||||||||&#8221; header_4_font_size=&#8221;22px&#8221; text_orientation=&#8221;center&#8221; custom_margin=&#8221;||0px|||&#8221; global_colors_info=&#8221;{}&#8221;]<\/p>\n<h2>Consultas Online<\/h2>\n<p>[\/et_pb_text][et_pb_text admin_label=&#8221;Subtitle %22O que s\u00e3o?%22&#8243; _builder_version=&#8221;4.24.2&#8243; text_letter_spacing=&#8221;2px&#8221; text_orientation=&#8221;center&#8221; global_colors_info=&#8221;{}&#8221;]Um servi\u00e7o inovador que lhe d\u00e1 acesso ao seu m\u00e9dico, de forma simples e segura, sem ter de se deslocar \u00e0s nossas cl\u00ednicas.[\/et_pb_text][\/et_pb_column][\/et_pb_row][et_pb_row column_structure=&#8221;1_2,1_2&#8243; admin_label=&#8221;Row %22O que s\u00e3o?%22&#8243; _builder_version=&#8221;4.16&#8243; background_size=&#8221;initial&#8221; background_position=&#8221;top_left&#8221; background_repeat=&#8221;repeat&#8221; global_colors_info=&#8221;{}&#8221;][et_pb_column type=&#8221;1_2&#8243; _builder_version=&#8221;4.16&#8243; custom_padding=&#8221;|||&#8221; global_colors_info=&#8221;{}&#8221; custom_padding__hover=&#8221;|||&#8221;][et_pb_image src=&#8221;https:\/\/clinicadrtallon.com\/wp-content\/uploads\/2018\/05\/Pesonline_03.jpg&#8221; align_tablet=&#8221;center&#8221; align_phone=&#8221;&#8221; align_last_edited=&#8221;on|desktop&#8221; _builder_version=&#8221;4.16&#8243; animation_style=&#8221;fade&#8221; box_shadow_style=&#8221;preset2&#8243; global_colors_info=&#8221;{}&#8221;][\/et_pb_image][\/et_pb_column][et_pb_column type=&#8221;1_2&#8243; _builder_version=&#8221;4.16&#8243; custom_padding=&#8221;|||&#8221; global_colors_info=&#8221;{}&#8221; custom_padding__hover=&#8221;|||&#8221;][et_pb_text admin_label=&#8221;Text %22O que s\u00e3o?%22&#8243; _builder_version=&#8221;4.24.2&#8243; text_orientation=&#8221;justified&#8221; global_colors_info=&#8221;{}&#8221;]<\/p>\n<p>A nossa equipa cl\u00ednica est\u00e1 preparada para efetuar consultas n\u00e3o presenciais.<br \/>O seu m\u00e9dico poder\u00e1 fazer-lhe uma consulta sem que para isso seja obrigat\u00f3rio deslocar-se at\u00e9 \u00e0s nossas instala\u00e7\u00f5es.<\/p>\n<p>Se est\u00e1 longe de n\u00f3s, se est\u00e1 noutro pa\u00eds, se est\u00e1 impossibilitado de vir ter connosco, ou se simplesmente n\u00e3o lhe d\u00e1 jeito despender do tempo necess\u00e1rio para se deslocar, pode solicitar a marca\u00e7\u00e3o de uma Consulta Online.<\/p>\n<p>Atrav\u00e9s de agendamento pr\u00e9vio, o seu m\u00e9dico poder\u00e1 chegar at\u00e9 si por via das novas tecnologias e assegurar a melhor continuidade e acompanhamento do seu tratamento. \u00c9 importante referir que, tamb\u00e9m neste tipo de consulta, utilizamos as mais recentes tecnologias para garantir que todos os dados transmitidos entre si e o seu m\u00e9dico est\u00e3o protegidos e seguros, sem qualquer quebra de confidencialidade.<\/p>\n<p>[\/et_pb_text][\/et_pb_column][\/et_pb_row][\/et_pb_section][et_pb_section fb_built=&#8221;1&#8243; _builder_version=&#8221;4.24.2&#8243; _module_preset=&#8221;default&#8221; background_color=&#8221;#E3F5FF&#8221; global_colors_info=&#8221;{}&#8221;][et_pb_row disabled_on=&#8221;off|off|off&#8221; admin_label=&#8221;Advantages Row&#8221; _builder_version=&#8221;4.16&#8243; custom_padding=&#8221;50px|||||&#8221; global_colors_info=&#8221;{}&#8221;][et_pb_column type=&#8221;4_4&#8243; _builder_version=&#8221;4.16&#8243; global_colors_info=&#8221;{}&#8221;][et_pb_text admin_label=&#8221;Advantages Title&#8221; _builder_version=&#8221;4.24.2&#8243; text_font=&#8221;||||||||&#8221; text_letter_spacing=&#8221;10px&#8221; header_font=&#8221;||||||||&#8221; header_4_font=&#8221;||||||||&#8221; header_4_font_size=&#8221;22px&#8221; text_orientation=&#8221;center&#8221; locked=&#8221;off&#8221; global_colors_info=&#8221;{}&#8221;]<\/p>\n<h2>Vantagens das Nossas Consultas Online<\/h2>\n<p>[\/et_pb_text][et_pb_blurb title=&#8221;Facilitam o contacto direto com o seu m\u00e9dico&#8221; use_icon=&#8221;on&#8221; font_icon=&#8221;&#x5a;||divi||400&#8243; icon_color=&#8221;#0C71C3&#8243; icon_placement=&#8221;left&#8221; image_icon_width=&#8221;32px&#8221; content_max_width=&#8221;66%&#8221; _builder_version=&#8221;4.24.2&#8243; _module_preset=&#8221;default&#8221; global_colors_info=&#8221;{}&#8221;][\/et_pb_blurb][et_pb_blurb title=&#8221;Pode fazer a sua consulta \u00e0 dist\u00e2ncia por V\u00eddeo ou por Voz&#8221; use_icon=&#8221;on&#8221; font_icon=&#8221;&#x5a;||divi||400&#8243; icon_color=&#8221;#0C71C3&#8243; icon_placement=&#8221;left&#8221; image_icon_width=&#8221;32px&#8221; content_max_width=&#8221;66%&#8221; _builder_version=&#8221;4.24.2&#8243; _module_preset=&#8221;default&#8221; global_colors_info=&#8221;{}&#8221;][\/et_pb_blurb][et_pb_blurb title=&#8221;Poupa tempo e dinheiro porque dispensa a desloca\u00e7\u00e3o \u00e0 nossa cl\u00ednica&#8221; use_icon=&#8221;on&#8221; font_icon=&#8221;&#x5a;||divi||400&#8243; icon_color=&#8221;#0C71C3&#8243; icon_placement=&#8221;left&#8221; image_icon_width=&#8221;32px&#8221; content_max_width=&#8221;66%&#8221; _builder_version=&#8221;4.24.2&#8243; _module_preset=&#8221;default&#8221; global_colors_info=&#8221;{}&#8221;][\/et_pb_blurb][et_pb_blurb title=&#8221;A consulta pode ser feita comodamente em sua casa ou em qualquer local \u00e0 sua escolha&#8221; use_icon=&#8221;on&#8221; font_icon=&#8221;&#x5a;||divi||400&#8243; icon_color=&#8221;#0C71C3&#8243; icon_placement=&#8221;left&#8221; image_icon_width=&#8221;32px&#8221; content_max_width=&#8221;66%&#8221; _builder_version=&#8221;4.24.2&#8243; _module_preset=&#8221;default&#8221; global_colors_info=&#8221;{}&#8221;][\/et_pb_blurb][\/et_pb_column][\/et_pb_row][\/et_pb_section][et_pb_section fb_built=&#8221;1&#8243; admin_label=&#8221;Section %22Como fazer?%22&#8243; _builder_version=&#8221;4.24.2&#8243; background_color=&#8221;RGBA(255,255,255,0)&#8221; global_colors_info=&#8221;{}&#8221;][et_pb_row admin_label=&#8221;Row %22Como fazer?%22&#8243; _builder_version=&#8221;4.16&#8243; background_color=&#8221;rgba(216,216,216,0)&#8221; global_colors_info=&#8221;{}&#8221;][et_pb_column type=&#8221;4_4&#8243; _builder_version=&#8221;4.16&#8243; global_colors_info=&#8221;{}&#8221;][et_pb_text admin_label=&#8221;Title %22Como fazer?%22&#8243; _builder_version=&#8221;4.24.2&#8243; text_font=&#8221;||||||||&#8221; text_letter_spacing=&#8221;5px&#8221; header_font=&#8221;||||||||&#8221; header_4_font=&#8221;||||||||&#8221; header_4_font_size=&#8221;22px&#8221; text_orientation=&#8221;center&#8221; custom_margin=&#8221;||-1px|||&#8221; locked=&#8221;off&#8221; global_colors_info=&#8221;{}&#8221;]<\/p>\n<h2>Como Funcionam as Nossas Consultas Online<\/h2>\n<p>[\/et_pb_text][et_pb_text admin_label=&#8221;Text %22Como fazer?%22&#8243; _builder_version=&#8221;4.24.2&#8243; text_letter_spacing=&#8221;2px&#8221; text_orientation=&#8221;center&#8221; global_colors_info=&#8221;{}&#8221;]Basta pedir o agendamento da sua Consulta Online de uma das seguintes formas:[\/et_pb_text][\/et_pb_column][\/et_pb_row][et_pb_row column_structure=&#8221;1_3,1_3,1_3&#8243; _builder_version=&#8221;4.16&#8243; background_color=&#8221;rgba(216,216,216,0)&#8221; global_colors_info=&#8221;{}&#8221;][et_pb_column type=&#8221;1_3&#8243; _builder_version=&#8221;4.16&#8243; global_colors_info=&#8221;{}&#8221;][et_pb_blurb title=&#8221;Ligue Para Uma das Nossas Cl\u00ednicas&#8221; use_icon=&#8221;on&#8221; font_icon=&#8221;&#xe090;||divi||400&#8243; icon_color=&#8221;#0C71C3&#8243; image_icon_background_color=&#8221;#FFFFFF&#8221; image_icon_width=&#8221;56px&#8221; _builder_version=&#8221;4.24.2&#8243; _module_preset=&#8221;default&#8221; background_color=&#8221;#E3F5FF&#8221; image_icon_custom_padding=&#8221;20px|20px|20px|20px|true|true&#8221; text_orientation=&#8221;center&#8221; custom_padding=&#8221;25px|25px|25px|25px|true|true&#8221; border_radii=&#8221;on|30px|30px|30px|30px&#8221; border_radii_image=&#8221;on|50px|50px|50px|50px&#8221; box_shadow_style=&#8221;preset1&#8243; global_colors_info=&#8221;{}&#8221;][\/et_pb_blurb][\/et_pb_column][et_pb_column type=&#8221;1_3&#8243; _builder_version=&#8221;4.16&#8243; global_colors_info=&#8221;{}&#8221;][et_pb_blurb title=&#8221;Envie-nos Uma Mensagem Via Formul\u00e1rio&#8221; use_icon=&#8221;on&#8221; font_icon=&#8221;&#xf0e0;||fa||900&#8243; icon_color=&#8221;#0C71C3&#8243; image_icon_background_color=&#8221;#FFFFFF&#8221; image_icon_width=&#8221;56px&#8221; _builder_version=&#8221;4.24.2&#8243; _module_preset=&#8221;default&#8221; background_color=&#8221;#E3F5FF&#8221; image_icon_custom_padding=&#8221;20px|20px|20px|20px|true|true&#8221; text_orientation=&#8221;center&#8221; custom_padding=&#8221;25px|25px|25px|25px|true|true&#8221; border_radii=&#8221;on|30px|30px|30px|30px&#8221; border_radii_image=&#8221;on|50px|50px|50px|50px&#8221; box_shadow_style=&#8221;preset1&#8243; global_colors_info=&#8221;{}&#8221;][\/et_pb_blurb][\/et_pb_column][et_pb_column type=&#8221;1_3&#8243; _builder_version=&#8221;4.16&#8243; global_colors_info=&#8221;{}&#8221;][et_pb_blurb title=&#8221;Enviar uma Mensagem por Whatsapp&#8221; use_icon=&#8221;on&#8221; font_icon=&#8221;&#xf232;||fa||400&#8243; icon_color=&#8221;#0C71C3&#8243; image_icon_background_color=&#8221;#FFFFFF&#8221; image_icon_width=&#8221;66px&#8221; _builder_version=&#8221;4.24.2&#8243; _module_preset=&#8221;default&#8221; background_color=&#8221;#E3F5FF&#8221; image_icon_custom_padding=&#8221;20px|25px|20px|25px|true|true&#8221; text_orientation=&#8221;center&#8221; custom_padding=&#8221;25px|25px|25px|25px|true|true&#8221; border_radii=&#8221;on|30px|30px|30px|30px&#8221; border_radii_image=&#8221;on|50px|50px|50px|50px&#8221; box_shadow_style=&#8221;preset1&#8243; global_colors_info=&#8221;{}&#8221;][\/et_pb_blurb][\/et_pb_column][\/et_pb_row][et_pb_row _builder_version=&#8221;4.16&#8243; background_color=&#8221;rgba(216,216,216,0)&#8221; global_colors_info=&#8221;{}&#8221;][et_pb_column type=&#8221;4_4&#8243; _builder_version=&#8221;4.16&#8243; global_colors_info=&#8221;{}&#8221;][et_pb_text admin_label=&#8221;Subtitle %22Como funcionam?%22&#8243; _builder_version=&#8221;4.24.2&#8243; text_letter_spacing=&#8221;2px&#8221; text_orientation=&#8221;center&#8221; global_colors_info=&#8221;{}&#8221;]No dia e hora previamente agendados, o seu m\u00e9dico especialista estar\u00e1 pronto para ajudar com o seu desafio ou problema.[\/et_pb_text][\/et_pb_column][\/et_pb_row][\/et_pb_section][et_pb_section fb_built=&#8221;1&#8243; _builder_version=&#8221;4.24.2&#8243; _module_preset=&#8221;default&#8221; background_color=&#8221;#E3F5FF&#8221; global_colors_info=&#8221;{}&#8221;][et_pb_row _builder_version=&#8221;4.24.2&#8243; _module_preset=&#8221;default&#8221; global_colors_info=&#8221;{}&#8221;][et_pb_column type=&#8221;4_4&#8243; _builder_version=&#8221;4.24.2&#8243; _module_preset=&#8221;default&#8221; global_colors_info=&#8221;{}&#8221;][et_pb_text _builder_version=&#8221;4.24.2&#8243; _module_preset=&#8221;default&#8221; text_orientation=&#8221;center&#8221; global_colors_info=&#8221;{}&#8221;]<\/p>\n<h2>Para Poder Estar Presente na Consulta Online Apenas tem de Ter Um dos Seguintes Equipamentos:<\/h2>\n<p>[\/et_pb_text][et_pb_blurb title=&#8221;Telem\u00f3vel e Uma Liga\u00e7\u00e3o \u00e0 Internet&#8221; use_icon=&#8221;on&#8221; font_icon=&#8221;&#xe00b;||divi||400&#8243; icon_color=&#8221;#0C71C3&#8243; icon_placement=&#8221;left&#8221; image_icon_width=&#8221;32px&#8221; _builder_version=&#8221;4.24.2&#8243; _module_preset=&#8221;default&#8221; header_line_height=&#8221;1.5em&#8221; background_color=&#8221;#FFFFFF&#8221; width=&#8221;50%&#8221; module_alignment=&#8221;center&#8221; custom_padding=&#8221;30px|30px|25px|30px|false|true&#8221; border_radii=&#8221;on|30px|30px|30px|30px&#8221; border_color_all=&#8221;#0C71C3&#8243; box_shadow_style=&#8221;preset1&#8243; global_colors_info=&#8221;{}&#8221;][\/et_pb_blurb][et_pb_blurb title=&#8221;Tablet e Uma Liga\u00e7\u00e3o \u00e0 Internet&#8221; use_icon=&#8221;on&#8221; font_icon=&#8221;&#xf3fa;||fa||900&#8243; icon_color=&#8221;#0C71C3&#8243; icon_placement=&#8221;left&#8221; image_icon_width=&#8221;32px&#8221; _builder_version=&#8221;4.24.2&#8243; _module_preset=&#8221;default&#8221; header_line_height=&#8221;1.5em&#8221; background_color=&#8221;#FFFFFF&#8221; width=&#8221;50%&#8221; module_alignment=&#8221;center&#8221; custom_padding=&#8221;30px|30px|25px|30px|false|true&#8221; border_radii=&#8221;on|30px|30px|30px|30px&#8221; border_color_all=&#8221;#0C71C3&#8243; box_shadow_style=&#8221;preset1&#8243; global_colors_info=&#8221;{}&#8221;][\/et_pb_blurb][et_pb_blurb title=&#8221;Computador Port\u00e1til e Uma Liga\u00e7\u00e3o \u00e0 Internet&#8221; use_icon=&#8221;on&#8221; font_icon=&#8221;&#xf109;||fa||900&#8243; icon_color=&#8221;#0C71C3&#8243; icon_placement=&#8221;left&#8221; image_icon_width=&#8221;32px&#8221; _builder_version=&#8221;4.24.2&#8243; _module_preset=&#8221;default&#8221; header_line_height=&#8221;1.5em&#8221; background_color=&#8221;#FFFFFF&#8221; width=&#8221;50%&#8221; module_alignment=&#8221;center&#8221; custom_padding=&#8221;30px|30px|25px|30px|false|true&#8221; border_radii=&#8221;on|30px|30px|30px|30px&#8221; border_color_all=&#8221;#0C71C3&#8243; box_shadow_style=&#8221;preset1&#8243; global_colors_info=&#8221;{}&#8221;][\/et_pb_blurb][et_pb_blurb title=&#8221;Computador Fixo ou de Secret\u00e1ria e Uma Liga\u00e7\u00e3o \u00e0 Internet&#8221; use_icon=&#8221;on&#8221; font_icon=&#8221;&#xf108;||fa||900&#8243; icon_color=&#8221;#0C71C3&#8243; icon_placement=&#8221;left&#8221; image_icon_width=&#8221;32px&#8221; _builder_version=&#8221;4.24.2&#8243; _module_preset=&#8221;default&#8221; header_line_height=&#8221;1.5em&#8221; background_color=&#8221;#FFFFFF&#8221; width=&#8221;50%&#8221; module_alignment=&#8221;center&#8221; custom_padding=&#8221;30px|30px|25px|30px|false|true&#8221; border_radii=&#8221;on|30px|30px|30px|30px&#8221; border_color_all=&#8221;#0C71C3&#8243; box_shadow_style=&#8221;preset1&#8243; global_colors_info=&#8221;{}&#8221;][\/et_pb_blurb][et_pb_text admin_label=&#8221;Text %22Como fazer?%22&#8243; _builder_version=&#8221;4.24.2&#8243; custom_padding=&#8221;20px||||false|false&#8221; global_colors_info=&#8221;{}&#8221;]<\/p>\n<h4 style=\"text-align: center;\"><strong>Agora, a dist\u00e2ncia j\u00e1 n\u00e3o ser\u00e1 raz\u00e3o para interromper o seu tratamento!<\/strong><\/h4>\n<p>[\/et_pb_text][et_pb_button button_url=&#8221;https:\/\/clinicadrtallon.com\/contact\/&#8221; button_text=&#8221;Fa\u00e7a J\u00e1 a Sua Marca\u00e7\u00e3o&#8221; button_alignment=&#8221;center&#8221; admin_label=&#8221;Bot\u00e3o Marca\u00e7\u00e3o&#8221; _builder_version=&#8221;4.24.2&#8243; custom_button=&#8221;on&#8221; button_bg_color=&#8221;#1e73be&#8221; button_border_width=&#8221;0&#8243; button_icon=&#8221;&#x24;||divi||400&#8243; button_on_hover=&#8221;off&#8221; background_layout=&#8221;dark&#8221; box_shadow_style=&#8221;preset2&#8243; global_colors_info=&#8221;{}&#8221; button_text_size__hover_enabled=&#8221;off&#8221; button_text_size__hover=&#8221;null&#8221; button_one_text_size__hover_enabled=&#8221;off&#8221; button_one_text_size__hover=&#8221;null&#8221; button_two_text_size__hover_enabled=&#8221;off&#8221; button_two_text_size__hover=&#8221;null&#8221; button_text_color__hover_enabled=&#8221;off&#8221; button_text_color__hover=&#8221;null&#8221; button_one_text_color__hover_enabled=&#8221;off&#8221; button_one_text_color__hover=&#8221;null&#8221; button_two_text_color__hover_enabled=&#8221;off&#8221; button_two_text_color__hover=&#8221;null&#8221; button_border_width__hover_enabled=&#8221;off&#8221; button_border_width__hover=&#8221;null&#8221; button_one_border_width__hover_enabled=&#8221;off&#8221; button_one_border_width__hover=&#8221;null&#8221; button_two_border_width__hover_enabled=&#8221;off&#8221; button_two_border_width__hover=&#8221;null&#8221; button_border_color__hover_enabled=&#8221;off&#8221; button_border_color__hover=&#8221;null&#8221; button_one_border_color__hover_enabled=&#8221;off&#8221; button_one_border_color__hover=&#8221;null&#8221; button_two_border_color__hover_enabled=&#8221;off&#8221; button_two_border_color__hover=&#8221;null&#8221; button_border_radius__hover_enabled=&#8221;off&#8221; button_border_radius__hover=&#8221;null&#8221; button_one_border_radius__hover_enabled=&#8221;off&#8221; button_one_border_radius__hover=&#8221;null&#8221; button_two_border_radius__hover_enabled=&#8221;off&#8221; button_two_border_radius__hover=&#8221;null&#8221; button_letter_spacing__hover_enabled=&#8221;off&#8221; button_letter_spacing__hover=&#8221;null&#8221; button_one_letter_spacing__hover_enabled=&#8221;off&#8221; button_one_letter_spacing__hover=&#8221;null&#8221; button_two_letter_spacing__hover_enabled=&#8221;off&#8221; button_two_letter_spacing__hover=&#8221;null&#8221; button_bg_color__hover_enabled=&#8221;off&#8221; button_bg_color__hover=&#8221;null&#8221; button_one_bg_color__hover_enabled=&#8221;off&#8221; button_one_bg_color__hover=&#8221;null&#8221; button_two_bg_color__hover_enabled=&#8221;off&#8221; button_two_bg_color__hover=&#8221;null&#8221;][\/et_pb_button][\/et_pb_column][\/et_pb_row][\/et_pb_section][et_pb_section fb_built=&#8221;1&#8243; admin_label=&#8221;Section %22Como funcionam?%22&#8243; _builder_version=&#8221;4.16&#8243; background_color=&#8221;rgba(216,216,216,0)&#8221; global_colors_info=&#8221;{}&#8221;][et_pb_row column_structure=&#8221;2_5,3_5&#8243; admin_label=&#8221;Technologies Row&#8221; _builder_version=&#8221;4.16&#8243; global_colors_info=&#8221;{}&#8221;][et_pb_column type=&#8221;2_5&#8243; _builder_version=&#8221;4.16&#8243; global_colors_info=&#8221;{}&#8221;][et_pb_text admin_label=&#8221;Technologies Text&#8221; _builder_version=&#8221;4.16&#8243; text_orientation=&#8221;justified&#8221; global_colors_info=&#8221;{}&#8221;]<\/p>\n<p>Na pr\u00e1tica, basta que tenha do seu lado um equipamento com acesso \u00e0 internet, como um Tablet ou um PC port\u00e1til com c\u00e2mera e microfone e uma cobertura de rede que lhe permita efetuar chamadas de v\u00eddeo.<\/p>\n<p>Desta forma, poder\u00e1 ver e falar com o seu m\u00e9dico, da mesma forma que o seu m\u00e9dico poder\u00e1 v\u00ea-lo e falar consigo, como se estivessem juntos num dos nossos gabinetes de consulta.<\/p>\n<p>Enquanto decorre a consulta \u00e0 dist\u00e2ncia, o seu m\u00e9dico consegue consultar todo o seu historial cl\u00ednico, garantindo assim o mesmo tipo de acompanhamento e rigor existente numa normal consulta presencial.<\/p>\n<p>&nbsp;<\/p>\n<p style=\"text-align: left;\"><strong>Em caso de necessidade, os nossos servi\u00e7os far\u00e3o chegar at\u00e9 si qualquer medica\u00e7\u00e3o de que necessite para o tratamento em curso.<\/strong><\/p>\n<p>[\/et_pb_text][\/et_pb_column][et_pb_column type=&#8221;3_5&#8243; _builder_version=&#8221;4.16&#8243; global_colors_info=&#8221;{}&#8221;][et_pb_image src=&#8221;https:\/\/clinicadrtallon.com\/wp-content\/uploads\/2018\/05\/Pesonline_02.jpg&#8221; align_tablet=&#8221;center&#8221; align_phone=&#8221;&#8221; align_last_edited=&#8221;on|desktop&#8221; _builder_version=&#8221;4.16&#8243; animation_style=&#8221;fade&#8221; box_shadow_style=&#8221;preset2&#8243; global_colors_info=&#8221;{}&#8221;][\/et_pb_image][\/et_pb_column][\/et_pb_row][\/et_pb_section][et_pb_section fb_built=&#8221;1&#8243; admin_label=&#8221;Technologies Section&#8221; _builder_version=&#8221;4.24.2&#8243; background_color=&#8221;#E3F5FF&#8221; custom_padding=&#8221;26px|||||&#8221; global_colors_info=&#8221;{}&#8221;][et_pb_row admin_label=&#8221;Technologies Row&#8221; _builder_version=&#8221;4.16&#8243; global_colors_info=&#8221;{}&#8221;][et_pb_column type=&#8221;4_4&#8243; _builder_version=&#8221;4.16&#8243; global_colors_info=&#8221;{}&#8221;][et_pb_text admin_label=&#8221;Technologies Title&#8221; _builder_version=&#8221;4.24.2&#8243; text_font=&#8221;||||||||&#8221; text_letter_spacing=&#8221;5px&#8221; header_font=&#8221;||||||||&#8221; header_4_font=&#8221;||||||||&#8221; header_4_font_size=&#8221;22px&#8221; locked=&#8221;off&#8221; global_colors_info=&#8221;{}&#8221;]<\/p>\n<h2>As Novas Tecnologias ao Servi\u00e7o da Sua Sa\u00fade<\/h2>\n<p>[\/et_pb_text][et_pb_text admin_label=&#8221;Technologies Text&#8221; _builder_version=&#8221;4.24.2&#8243; text_orientation=&#8221;justified&#8221; global_colors_info=&#8221;{}&#8221;]<\/p>\n<p>Idealmente, dever\u00e1 tamb\u00e9m utilizar a App &#8220;Tallon Clinic&#8221;, dispon\u00edvel para SmartPhones com sistemas iOS ou Android, para ir registando ao longo do tempo o cumprimento do tratamento que lhe foi prescrito.<\/p>\n<p>Desta forma, quando estiver em consulta com o seu m\u00e9dico, ele ter\u00e1 imediatamente acesso \u00e0 forma como tem decorrido o seu tratamento e poder\u00e1, agora melhor do\u00a0 que nunca, avaliar o percurso efetuado por si e aconselh\u00e1-lo de forma a garantir que alcan\u00e7a os objetivos pretendidos.<\/p>\n<p>[\/et_pb_text][et_pb_button button_url=&#8221;https:\/\/clinicadrtallon.com\/app\/&#8221; button_text=&#8221;Saiba Mais Sobre a App %22Tallon Clinic%22&#8243; button_alignment=&#8221;center&#8221; admin_label=&#8221;App Button&#8221; _builder_version=&#8221;4.24.2&#8243; custom_button=&#8221;on&#8221; button_bg_color=&#8221;#1e73be&#8221; button_border_width=&#8221;0&#8243; button_icon=&#8221;&#x24;||divi||400&#8243; button_on_hover=&#8221;off&#8221; background_layout=&#8221;dark&#8221; box_shadow_style=&#8221;preset2&#8243; locked=&#8221;off&#8221; global_colors_info=&#8221;{}&#8221; button_text_size__hover_enabled=&#8221;off&#8221; button_text_size__hover=&#8221;null&#8221; button_one_text_size__hover_enabled=&#8221;off&#8221; button_one_text_size__hover=&#8221;null&#8221; button_two_text_size__hover_enabled=&#8221;off&#8221; button_two_text_size__hover=&#8221;null&#8221; button_text_color__hover_enabled=&#8221;off&#8221; button_text_color__hover=&#8221;null&#8221; button_one_text_color__hover_enabled=&#8221;off&#8221; button_one_text_color__hover=&#8221;null&#8221; button_two_text_color__hover_enabled=&#8221;off&#8221; button_two_text_color__hover=&#8221;null&#8221; button_border_width__hover_enabled=&#8221;off&#8221; button_border_width__hover=&#8221;null&#8221; button_one_border_width__hover_enabled=&#8221;off&#8221; button_one_border_width__hover=&#8221;null&#8221; button_two_border_width__hover_enabled=&#8221;off&#8221; button_two_border_width__hover=&#8221;null&#8221; button_border_color__hover_enabled=&#8221;off&#8221; button_border_color__hover=&#8221;null&#8221; button_one_border_color__hover_enabled=&#8221;off&#8221; button_one_border_color__hover=&#8221;null&#8221; button_two_border_color__hover_enabled=&#8221;off&#8221; button_two_border_color__hover=&#8221;null&#8221; button_border_radius__hover_enabled=&#8221;off&#8221; button_border_radius__hover=&#8221;null&#8221; button_one_border_radius__hover_enabled=&#8221;off&#8221; button_one_border_radius__hover=&#8221;null&#8221; button_two_border_radius__hover_enabled=&#8221;off&#8221; button_two_border_radius__hover=&#8221;null&#8221; button_letter_spacing__hover_enabled=&#8221;off&#8221; button_letter_spacing__hover=&#8221;null&#8221; button_one_letter_spacing__hover_enabled=&#8221;off&#8221; button_one_letter_spacing__hover=&#8221;null&#8221; button_two_letter_spacing__hover_enabled=&#8221;off&#8221; button_two_letter_spacing__hover=&#8221;null&#8221; button_bg_color__hover_enabled=&#8221;off&#8221; button_bg_color__hover=&#8221;null&#8221; button_one_bg_color__hover_enabled=&#8221;off&#8221; button_one_bg_color__hover=&#8221;null&#8221; button_two_bg_color__hover_enabled=&#8221;off&#8221; button_two_bg_color__hover=&#8221;null&#8221;][\/et_pb_button][\/et_pb_column][\/et_pb_row][\/et_pb_section]<\/p>\n","protected":false},"excerpt":{"rendered":"<p>Consultas OnlineUm servi\u00e7o inovador que lhe d\u00e1 acesso ao seu m\u00e9dico, de forma simples e segura, sem ter de se deslocar \u00e0s nossas cl\u00ednicas.A nossa equipa cl\u00ednica est\u00e1 preparada para efetuar consultas n\u00e3o presenciais.O seu m\u00e9dico poder\u00e1 fazer-lhe uma consulta sem que para isso seja obrigat\u00f3rio deslocar-se at\u00e9 \u00e0s nossas instala\u00e7\u00f5es. Se est\u00e1 longe de [&hellip;]<\/p>\n","protected":false},"author":1,"featured_media":0,"parent":0,"menu_order":0,"comment_status":"closed","ping_status":"closed","template":"","meta":{"_et_pb_use_builder":"on","_et_pb_old_content":"","_et_gb_content_width":"","footnotes":""},"class_list":["post-1569","page","type-page","status-publish","hentry"],"_links":{"self":[{"href":"https:\/\/clinicadrtallon.com\/en\/wp-json\/wp\/v2\/pages\/1569","targetHints":{"allow":["GET"]}}],"collection":[{"href":"https:\/\/clinicadrtallon.com\/en\/wp-json\/wp\/v2\/pages"}],"about":[{"href":"https:\/\/clinicadrtallon.com\/en\/wp-json\/wp\/v2\/types\/page"}],"author":[{"embeddable":true,"href":"https:\/\/clinicadrtallon.com\/en\/wp-json\/wp\/v2\/users\/1"}],"replies":[{"embeddable":true,"href":"https:\/\/clinicadrtallon.com\/en\/wp-json\/wp\/v2\/comments?post=1569"}],"version-history":[{"count":0,"href":"https:\/\/clinicadrtallon.com\/en\/wp-json\/wp\/v2\/pages\/1569\/revisions"}],"wp:attachment":[{"href":"https:\/\/clinicadrtallon.com\/en\/wp-json\/wp\/v2\/media?parent=1569"}],"curies":[{"name":"wp","href":"https:\/\/api.w.org\/{rel}","templated":true}]}}