{"id":707,"date":"2018-05-15T18:58:48","date_gmt":"2018-05-15T18:58:48","guid":{"rendered":"http:\/\/clinicadrtallon.com\/?page_id=707"},"modified":"2026-04-27T18:17:46","modified_gmt":"2026-04-27T18:17:46","slug":"pesonline","status":"publish","type":"page","link":"https:\/\/clinicadrtallon.com\/en\/pesonline\/","title":{"rendered":"Pesonline"},"content":{"rendered":"<p>[et_pb_section fb_built=&#8221;1&#8243; fullwidth=&#8221;on&#8221; _builder_version=&#8221;4.16&#8243; box_shadow_style=&#8221;preset3&#8243; global_colors_info=&#8221;{}&#8221;][et_pb_fullwidth_image src=&#8221;https:\/\/clinicadrtallon.com\/wp-content\/uploads\/2019\/06\/Destaque1_Header_01_pt.jpg&#8221; _builder_version=&#8221;4.16&#8243; animation_style=&#8221;fade&#8221; z_index_tablet=&#8221;500&#8243; box_shadow_style=&#8221;preset3&#8243; box_shadow_position=&#8221;inner&#8221; global_colors_info=&#8221;{}&#8221;][\/et_pb_fullwidth_image][\/et_pb_section][et_pb_section fb_built=&#8221;1&#8243; _builder_version=&#8221;4.16&#8243; global_colors_info=&#8221;{}&#8221;][et_pb_row column_structure=&#8221;1_2,1_2&#8243; _builder_version=&#8221;4.16&#8243; background_size=&#8221;initial&#8221; background_position=&#8221;top_left&#8221; background_repeat=&#8221;repeat&#8221; global_colors_info=&#8221;{}&#8221;][et_pb_column type=&#8221;1_2&#8243; _builder_version=&#8221;4.16&#8243; custom_padding=&#8221;|||&#8221; global_colors_info=&#8221;{}&#8221; custom_padding__hover=&#8221;|||&#8221;][et_pb_image src=&#8221;https:\/\/clinicadrtallon.com\/wp-content\/uploads\/2018\/05\/Pesonline_01.jpg&#8221; align_tablet=&#8221;center&#8221; align_phone=&#8221;&#8221; align_last_edited=&#8221;on|desktop&#8221; _builder_version=&#8221;4.16&#8243; animation_style=&#8221;fade&#8221; box_shadow_style=&#8221;preset2&#8243; global_colors_info=&#8221;{}&#8221;][\/et_pb_image][\/et_pb_column][et_pb_column type=&#8221;1_2&#8243; _builder_version=&#8221;4.16&#8243; custom_padding=&#8221;|||&#8221; global_colors_info=&#8221;{}&#8221; custom_padding__hover=&#8221;|||&#8221;][et_pb_blurb title=&#8221;CONSULTA ONLINE&#8221; admin_label=&#8221;Texto&#8221; _builder_version=&#8221;4.16&#8243; text_orientation=&#8221;justified&#8221; global_colors_info=&#8221;{}&#8221;]<\/p>\n<p>\n<b>Estamos perto de si&#8230; Onde quer que esteja!<\/b><\/p>\n<p>A nossa equipa e a nossa cl\u00ednica est\u00e3o preparadas para efetuar consultas n\u00e3o presenciais. O seu m\u00e9dico poder\u00e1 dar-lhe uma consulta sem que para isso seja obrigat\u00f3rio deslocar-se at\u00e9 \u00e0s nossas instala\u00e7\u00f5es.<\/p>\n<p>Se est\u00e1 longe de n\u00f3s, se est\u00e1 noutro pa\u00eds, se est\u00e1 impossibilitado de vir ter connosco, ou se simplesmente n\u00e3o lhe d\u00e1 jeito despender do tempo necess\u00e1rio para se deslocar e procurar estacionamento junto \u00e0s nossas instala\u00e7\u00f5es, pode solicitar a marca\u00e7\u00e3o de uma Consulta Online.<\/p>\n<p>Atrav\u00e9s de agendamento pr\u00e9vio, o seu m\u00e9dico poder\u00e1 chegar at\u00e9 si por via das novas tecnologias e assegurar a melhor continuidade e acompanhamento do seu tratamento.<\/p>\n<p>\u00c9 importante referir que, tamb\u00e9m neste tipo de consulta, utilizamos as mais recentes tecnologias para garantir que todos os dados transmitidos entre si e o seu m\u00e9dico est\u00e3o protegidos e seguros, sem qualquer quebra de confidencialidade.<\/p>\n<p>[\/et_pb_blurb][\/et_pb_column][\/et_pb_row][et_pb_row column_structure=&#8221;1_3,2_3&#8243; _builder_version=&#8221;4.16&#8243; background_size=&#8221;initial&#8221; background_position=&#8221;top_left&#8221; background_repeat=&#8221;repeat&#8221; global_colors_info=&#8221;{}&#8221;][et_pb_column type=&#8221;1_3&#8243; _builder_version=&#8221;4.16&#8243; custom_padding=&#8221;|||&#8221; global_colors_info=&#8221;{}&#8221; custom_padding__hover=&#8221;|||&#8221;][et_pb_blurb title=&#8221;\u00c9 F\u00c1CIL ESTAR COM O SEU M\u00c9DICO&#8221; admin_label=&#8221;Texto&#8221; _builder_version=&#8221;4.16&#8243; text_orientation=&#8221;justified&#8221; global_colors_info=&#8221;{}&#8221;]<\/p>\n<p>\n<strong>Na comodidade da sua casa<\/strong><\/p>\n<p>Na pr\u00e1tica, basta que tenha do seu lado um equipamento com acesso \u00e0 internet, como um Tablet ou um PC port\u00e1til com c\u00e2mera e microfone e uma cobertura de rede que lhe permita efetuar chamadas de v\u00eddeo.<\/p>\n<p>Desta forma, poder\u00e1 ver e falar com o seu m\u00e9dico, da mesma forma que o seu m\u00e9dico poder\u00e1 v\u00ea-lo e falar consigo, como se estivessem juntos num dos nossos gabinetes de consulta.<\/p>\n<p>Em caso de necessidade, os nossos servi\u00e7os far\u00e3o chegar at\u00e9 si qualquer medica\u00e7\u00e3o de que necessite para o tratamento em curso.<\/p>\n<p>Agora, a dist\u00e2ncia j\u00e1 n\u00e3o ser\u00e1 raz\u00e3o para interromper o seu tratamento!<\/p>\n<p>[\/et_pb_blurb][\/et_pb_column][et_pb_column type=&#8221;2_3&#8243; _builder_version=&#8221;4.16&#8243; custom_padding=&#8221;|||&#8221; global_colors_info=&#8221;{}&#8221; custom_padding__hover=&#8221;|||&#8221;][et_pb_image src=&#8221;https:\/\/clinicadrtallon.com\/wp-content\/uploads\/2018\/05\/Pesonline_02.jpg&#8221; align_tablet=&#8221;center&#8221; align_phone=&#8221;&#8221; align_last_edited=&#8221;on|desktop&#8221; _builder_version=&#8221;4.16&#8243; animation_style=&#8221;fade&#8221; box_shadow_style=&#8221;preset2&#8243; global_colors_info=&#8221;{}&#8221;][\/et_pb_image][\/et_pb_column][\/et_pb_row][et_pb_row column_structure=&#8221;2_3,1_3&#8243; _builder_version=&#8221;4.16&#8243; background_size=&#8221;initial&#8221; background_position=&#8221;top_left&#8221; background_repeat=&#8221;repeat&#8221; global_colors_info=&#8221;{}&#8221;][et_pb_column type=&#8221;2_3&#8243; _builder_version=&#8221;4.16&#8243; custom_padding=&#8221;|||&#8221; global_colors_info=&#8221;{}&#8221; custom_padding__hover=&#8221;|||&#8221;][et_pb_image src=&#8221;https:\/\/clinicadrtallon.com\/wp-content\/uploads\/2018\/05\/Pesonline_03.jpg&#8221; align_tablet=&#8221;center&#8221; align_phone=&#8221;&#8221; align_last_edited=&#8221;on|desktop&#8221; _builder_version=&#8221;4.16&#8243; animation_style=&#8221;fade&#8221; box_shadow_style=&#8221;preset2&#8243; global_colors_info=&#8221;{}&#8221;][\/et_pb_image][et_pb_button button_url=&#8221;http:\/\/clinicadrtallon.com\/contact\/&#8221; button_text=&#8221;Fa\u00e7a j\u00e1 a sua marca\u00e7\u00e3o&#8221; button_alignment=&#8221;center&#8221; admin_label=&#8221;Bot\u00e3o Marca\u00e7\u00e3o&#8221; _builder_version=&#8221;4.16&#8243; custom_button=&#8221;on&#8221; button_bg_color=&#8221;#1e73be&#8221; button_border_width=&#8221;0&#8243; button_icon=&#8221;&#x35;||divi||400&#8243; background_layout=&#8221;dark&#8221; box_shadow_style=&#8221;preset2&#8243; global_colors_info=&#8221;{}&#8221; button_text_size__hover_enabled=&#8221;off&#8221; button_text_size__hover=&#8221;null&#8221; button_one_text_size__hover_enabled=&#8221;off&#8221; button_one_text_size__hover=&#8221;null&#8221; button_two_text_size__hover_enabled=&#8221;off&#8221; button_two_text_size__hover=&#8221;null&#8221; button_text_color__hover_enabled=&#8221;off&#8221; button_text_color__hover=&#8221;null&#8221; button_one_text_color__hover_enabled=&#8221;off&#8221; button_one_text_color__hover=&#8221;null&#8221; button_two_text_color__hover_enabled=&#8221;off&#8221; button_two_text_color__hover=&#8221;null&#8221; button_border_width__hover_enabled=&#8221;off&#8221; button_border_width__hover=&#8221;null&#8221; button_one_border_width__hover_enabled=&#8221;off&#8221; button_one_border_width__hover=&#8221;null&#8221; button_two_border_width__hover_enabled=&#8221;off&#8221; button_two_border_width__hover=&#8221;null&#8221; button_border_color__hover_enabled=&#8221;off&#8221; button_border_color__hover=&#8221;null&#8221; button_one_border_color__hover_enabled=&#8221;off&#8221; button_one_border_color__hover=&#8221;null&#8221; button_two_border_color__hover_enabled=&#8221;off&#8221; button_two_border_color__hover=&#8221;null&#8221; button_border_radius__hover_enabled=&#8221;off&#8221; button_border_radius__hover=&#8221;null&#8221; button_one_border_radius__hover_enabled=&#8221;off&#8221; button_one_border_radius__hover=&#8221;null&#8221; button_two_border_radius__hover_enabled=&#8221;off&#8221; button_two_border_radius__hover=&#8221;null&#8221; button_letter_spacing__hover_enabled=&#8221;off&#8221; button_letter_spacing__hover=&#8221;null&#8221; button_one_letter_spacing__hover_enabled=&#8221;off&#8221; button_one_letter_spacing__hover=&#8221;null&#8221; button_two_letter_spacing__hover_enabled=&#8221;off&#8221; button_two_letter_spacing__hover=&#8221;null&#8221; button_bg_color__hover_enabled=&#8221;off&#8221; button_bg_color__hover=&#8221;null&#8221; button_one_bg_color__hover_enabled=&#8221;off&#8221; button_one_bg_color__hover=&#8221;null&#8221; button_two_bg_color__hover_enabled=&#8221;off&#8221; button_two_bg_color__hover=&#8221;null&#8221;][\/et_pb_button][\/et_pb_column][et_pb_column type=&#8221;1_3&#8243; _builder_version=&#8221;4.16&#8243; custom_padding=&#8221;|||&#8221; global_colors_info=&#8221;{}&#8221; custom_padding__hover=&#8221;|||&#8221;][et_pb_blurb title=&#8221;AS NOVAS TECNOLOGIAS&#8221; admin_label=&#8221;Texto&#8221; _builder_version=&#8221;4.16&#8243; text_orientation=&#8221;justified&#8221; global_colors_info=&#8221;{}&#8221;]<\/p>\n<p>\n<b>Ao servi\u00e7o da sua sa\u00fade<\/b><\/p>\n<p>Enquanto decorre a consulta \u00e0 dist\u00e2ncia, o seu m\u00e9dico consegue consultar todo o seu historial cl\u00ednico, garantindo assim o mesmo tipo de acompanhamento e rigor existente numa normal consulta presencial.<\/p>\n<p>Idealmente, dever\u00e1 tamb\u00e9m utilizar a App &#8220;Tallon Clinic&#8221;, dispon\u00edvel para SmartPhones com sistemas iOS ou Android, para ir registando ao longo do tempo o cumprimento do tratamento que lhe foi prescrito. Desta forma, quando estiver em consulta com o seu m\u00e9dico, ele ter\u00e1 imediatamente acesso \u00e0 forma como tem decorrido o seu tratamento e poder\u00e1, agora melhor do\u00a0 que nunca, avaliar o percurso efetuado por si e aconselh\u00e1-lo de forma a garantir que alcan\u00e7a os objetivos pretendidos.<\/p>\n<p>Descarregue j\u00e1 a sua App &#8220;Tallon Clinic&#8221; atrav\u00e9s dos seguintes links:<\/p>\n<ul>\n<li><a href=\"https:\/\/itunes.apple.com\/pt\/app\/tallonclinic\/id1291898070?mt=8\" target=\"_blank\" rel=\"noopener noreferrer\">Vers\u00e3o para iOS<\/a>.<\/li>\n<li><a href=\"https:\/\/play.google.com\/store\/apps\/details?id=com.clinicadrtallon.mytallonclinicapp\" target=\"_blank\" rel=\"noopener noreferrer\">Vers\u00e3o para Android<\/a>.<\/li>\n<\/ul>\n<p>[\/et_pb_blurb][\/et_pb_column][\/et_pb_row][\/et_pb_section][et_pb_section fb_built=&#8221;1&#8243; admin_label=&#8221;Footer Section&#8221; _builder_version=&#8221;4.16&#8243; background_color=&#8221;#3e86c1&#8243; custom_padding=&#8221;0px|0px|0px|0px&#8221; locked=&#8221;off&#8221; global_colors_info=&#8221;{}&#8221;][et_pb_row column_structure=&#8221;1_3,1_3,1_3&#8243; admin_label=&#8221;Footer Row&#8221; _builder_version=&#8221;4.16&#8243; background_size=&#8221;initial&#8221; background_position=&#8221;top_left&#8221; background_repeat=&#8221;repeat&#8221; custom_padding=&#8221;26px|0px|25px|0px&#8221; global_colors_info=&#8221;{}&#8221;][et_pb_column type=&#8221;1_3&#8243; _builder_version=&#8221;4.16&#8243; custom_padding=&#8221;|||&#8221; global_colors_info=&#8221;{}&#8221; custom_padding__hover=&#8221;|||&#8221;][et_pb_image src=&#8221;https:\/\/clinicadrtallon.com\/wp-content\/uploads\/2018\/02\/UltraWise_03.png&#8221; url=&#8221;https:\/\/ultrawise.pt&#8221; url_new_window=&#8221;on&#8221; align_tablet=&#8221;center&#8221; align_phone=&#8221;&#8221; align_last_edited=&#8221;on|desktop&#8221; admin_label=&#8221;UltraWise&#8221; _builder_version=&#8221;4.27.6&#8243; global_colors_info=&#8221;{}&#8221;]<\/p>\n<p>\n&nbsp;<\/p>\n<p>[\/et_pb_image][\/et_pb_column][et_pb_column type=&#8221;1_3&#8243; _builder_version=&#8221;4.16&#8243; custom_padding=&#8221;|||&#8221; global_colors_info=&#8221;{}&#8221; custom_padding__hover=&#8221;|||&#8221;][et_pb_text admin_label=&#8221;Privacidade&#8221; _builder_version=&#8221;4.27.6&#8243; custom_padding=&#8221;20px|||&#8221; z_index_tablet=&#8221;500&#8243; global_colors_info=&#8221;{}&#8221;]<\/p>\n<p style=\"text-align: center;\">\u00a0<span style=\"color: #ffffff;\"><a style=\"color: #ffffff;\" href=\"https:\/\/clinicadrtallon.com\/privacidade\/\">Pol\u00edtica de Privacidade<\/a><\/span><\/p>\n<p>[\/et_pb_text][\/et_pb_column][et_pb_column type=&#8221;1_3&#8243; _builder_version=&#8221;4.16&#8243; custom_padding=&#8221;|||&#8221; global_colors_info=&#8221;{}&#8221; custom_padding__hover=&#8221;|||&#8221;][et_pb_blurb admin_label=&#8221;Redes Sociais&#8221; _builder_version=&#8221;4.16&#8243; body_text_align=&#8221;right&#8221; text_orientation=&#8221;right&#8221; z_index_tablet=&#8221;500&#8243; header_text_shadow_horizontal_length_tablet=&#8221;0px&#8221; header_text_shadow_vertical_length_tablet=&#8221;0px&#8221; header_text_shadow_blur_strength_tablet=&#8221;1px&#8221; body_text_shadow_horizontal_length_tablet=&#8221;0px&#8221; body_text_shadow_vertical_length_tablet=&#8221;0px&#8221; body_text_shadow_blur_strength_tablet=&#8221;1px&#8221; body_link_text_shadow_horizontal_length_tablet=&#8221;0px&#8221; body_link_text_shadow_vertical_length_tablet=&#8221;0px&#8221; body_link_text_shadow_blur_strength_tablet=&#8221;1px&#8221; body_ul_text_shadow_horizontal_length_tablet=&#8221;0px&#8221; body_ul_text_shadow_vertical_length_tablet=&#8221;0px&#8221; body_ul_text_shadow_blur_strength_tablet=&#8221;1px&#8221; body_ol_text_shadow_horizontal_length_tablet=&#8221;0px&#8221; body_ol_text_shadow_vertical_length_tablet=&#8221;0px&#8221; body_ol_text_shadow_blur_strength_tablet=&#8221;1px&#8221; body_quote_text_shadow_horizontal_length_tablet=&#8221;0px&#8221; body_quote_text_shadow_vertical_length_tablet=&#8221;0px&#8221; body_quote_text_shadow_blur_strength_tablet=&#8221;1px&#8221; box_shadow_horizontal_tablet=&#8221;0px&#8221; box_shadow_vertical_tablet=&#8221;0px&#8221; box_shadow_blur_tablet=&#8221;40px&#8221; box_shadow_spread_tablet=&#8221;0px&#8221; box_shadow_horizontal_image_tablet=&#8221;0px&#8221; box_shadow_vertical_image_tablet=&#8221;0px&#8221; box_shadow_blur_image_tablet=&#8221;40px&#8221; box_shadow_spread_image_tablet=&#8221;0px&#8221; text_shadow_horizontal_length_tablet=&#8221;0px&#8221; text_shadow_vertical_length_tablet=&#8221;0px&#8221; text_shadow_blur_strength_tablet=&#8221;1px&#8221; locked=&#8221;off&#8221; global_colors_info=&#8221;{}&#8221;]<\/p>\n<p><a href=\"https:\/\/www.facebook.com\/clinicatallon\/\" target=\"_blank\" rel=\"noopener noreferrer\"><img loading=\"lazy\" decoding=\"async\" class=\"alignnone wp-image-1124 size-full\" src=\"https:\/\/clinicadrtallon.com\/wp-content\/uploads\/2018\/11\/Facebook_05.png\" alt=\"\" width=\"70\" height=\"50\" \/><\/a><a href=\"https:\/\/www.instagram.com\/clinicadrtallon\/\" target=\"_blank\" rel=\"noopener noreferrer\"><img loading=\"lazy\" decoding=\"async\" class=\"alignnone wp-image-2833 size-full\" src=\"https:\/\/clinicadrtallon.com\/wp-content\/uploads\/2022\/01\/Instagram_05.png\" alt=\"\" width=\"70\" height=\"50\" srcset=\"https:\/\/clinicadrtallon.com\/wp-content\/uploads\/2022\/01\/Instagram_05.png 70w, https:\/\/clinicadrtallon.com\/wp-content\/uploads\/2022\/01\/Instagram_05-18x12.png 18w\" sizes=\"(max-width: 70px) 100vw, 70px\" \/><\/a> <a href=\"https:\/\/www.youtube.com\/channel\/UC_ztQaY26Y0avsaJw-RcrhA\" target=\"_blank\" rel=\"noopener noreferrer\"><img loading=\"lazy\" decoding=\"async\" class=\"alignnone wp-image-2834 size-full\" src=\"https:\/\/clinicadrtallon.com\/wp-content\/uploads\/2022\/01\/YouTube_03.png\" alt=\"\" width=\"70\" height=\"50\" srcset=\"https:\/\/clinicadrtallon.com\/wp-content\/uploads\/2022\/01\/YouTube_03.png 70w, https:\/\/clinicadrtallon.com\/wp-content\/uploads\/2022\/01\/YouTube_03-18x12.png 18w\" sizes=\"(max-width: 70px) 100vw, 70px\" \/><\/a><\/p>\n<p>[\/et_pb_blurb][\/et_pb_column][\/et_pb_row][\/et_pb_section]<\/p>\n","protected":false},"excerpt":{"rendered":"<p>Estamos perto de si&#8230; Onde quer que esteja! A nossa equipa e a nossa cl\u00ednica est\u00e3o preparadas para efetuar consultas n\u00e3o presenciais. O seu m\u00e9dico poder\u00e1 dar-lhe uma consulta sem que para isso seja obrigat\u00f3rio deslocar-se at\u00e9 \u00e0s nossas instala\u00e7\u00f5es. Se est\u00e1 longe de n\u00f3s, se est\u00e1 noutro pa\u00eds, se est\u00e1 impossibilitado de vir ter [&hellip;]<\/p>\n","protected":false},"author":1,"featured_media":0,"parent":0,"menu_order":0,"comment_status":"closed","ping_status":"closed","template":"","meta":{"_et_pb_use_builder":"on","_et_pb_old_content":"","_et_gb_content_width":"","footnotes":""},"class_list":["post-707","page","type-page","status-publish","hentry"],"_links":{"self":[{"href":"https:\/\/clinicadrtallon.com\/en\/wp-json\/wp\/v2\/pages\/707","targetHints":{"allow":["GET"]}}],"collection":[{"href":"https:\/\/clinicadrtallon.com\/en\/wp-json\/wp\/v2\/pages"}],"about":[{"href":"https:\/\/clinicadrtallon.com\/en\/wp-json\/wp\/v2\/types\/page"}],"author":[{"embeddable":true,"href":"https:\/\/clinicadrtallon.com\/en\/wp-json\/wp\/v2\/users\/1"}],"replies":[{"embeddable":true,"href":"https:\/\/clinicadrtallon.com\/en\/wp-json\/wp\/v2\/comments?post=707"}],"version-history":[{"count":2,"href":"https:\/\/clinicadrtallon.com\/en\/wp-json\/wp\/v2\/pages\/707\/revisions"}],"predecessor-version":[{"id":5937,"href":"https:\/\/clinicadrtallon.com\/en\/wp-json\/wp\/v2\/pages\/707\/revisions\/5937"}],"wp:attachment":[{"href":"https:\/\/clinicadrtallon.com\/en\/wp-json\/wp\/v2\/media?parent=707"}],"curies":[{"name":"wp","href":"https:\/\/api.w.org\/{rel}","templated":true}]}}