{"id":799,"date":"2018-05-21T22:04:06","date_gmt":"2018-05-21T22:04:06","guid":{"rendered":"http:\/\/clinicadrtallon.com\/?page_id=799"},"modified":"2026-04-27T18:19:46","modified_gmt":"2026-04-27T18:19:46","slug":"privacidade","status":"publish","type":"page","link":"https:\/\/clinicadrtallon.com\/en\/privacidade\/","title":{"rendered":"Privacidade"},"content":{"rendered":"<p>[et_pb_section fb_built=&#8221;1&#8243; fullwidth=&#8221;on&#8221; admin_label=&#8221;Header Section&#8221; _builder_version=&#8221;4.16&#8243; box_shadow_style=&#8221;preset3&#8243; global_colors_info=&#8221;{}&#8221;][et_pb_fullwidth_image src=&#8221;https:\/\/clinicadrtallon.com\/wp-content\/uploads\/2018\/05\/Clinica_Header_01.jpg&#8221; _builder_version=&#8221;4.27.4&#8243; animation_style=&#8221;fade&#8221; z_index_tablet=&#8221;500&#8243; box_shadow_style=&#8221;preset3&#8243; box_shadow_position=&#8221;inner&#8221; global_colors_info=&#8221;{}&#8221;][\/et_pb_fullwidth_image][\/et_pb_section][et_pb_section fb_built=&#8221;1&#8243; admin_label=&#8221;Texto Legal Section&#8221; _builder_version=&#8221;4.16&#8243; global_colors_info=&#8221;{}&#8221;][et_pb_row admin_label=&#8221;Texto Legal Row&#8221; _builder_version=&#8221;4.16&#8243; background_size=&#8221;initial&#8221; background_position=&#8221;top_left&#8221; background_repeat=&#8221;repeat&#8221; global_colors_info=&#8221;{}&#8221;][et_pb_column type=&#8221;4_4&#8243; _builder_version=&#8221;4.16&#8243; custom_padding=&#8221;|||&#8221; global_colors_info=&#8221;{}&#8221; custom_padding__hover=&#8221;|||&#8221;][et_pb_text admin_label=&#8221;Texto Legal&#8221; _builder_version=&#8221;4.27.4&#8243; text_orientation=&#8221;justified&#8221; global_colors_info=&#8221;{}&#8221;]<\/p>\n<h2 style=\"text-align: center;\"><strong>Pol\u00edtica de Privacidade e de Elimina\u00e7\u00e3o de Dados<\/strong><\/h2>\n<p style=\"text-align: left;\"><strong>\u00a0<\/strong><\/p>\n<p style=\"text-align: left;\"><strong>Informa\u00e7\u00f5es e Direitos<\/strong><\/p>\n<p><strong>(Regulamento Geral de Prote\u00e7\u00e3o de Dados)<\/strong><\/p>\n<p>i. Informamos que os dados pessoais fornecidos no \u00e2mbito do presente pedido de servi\u00e7o ser\u00e3o tratados com as finalidades descritas abaixo.<\/p>\n<p>ii. Salvo indica\u00e7\u00e3o expressa em contr\u00e1rio no momento da recolha, todos os dados pessoais recolhidos s\u00e3o obrigat\u00f3rios por serem elementos indispens\u00e1veis para a presta\u00e7\u00e3o do servi\u00e7o. A falta de presta\u00e7\u00e3o dos mesmos impedir\u00e1 que processemos o seu pedido. Os dados pessoais ser\u00e3o recolhidos exclusivamente para as finalidades indicadas na presente informa\u00e7\u00e3o.<\/p>\n<p>iii. Ao fornecer os seus dados, confirma e garante a veracidade e precis\u00e3o dos mesmos, e que estes se ajustam \u00e0 realidade atual, correspondendo \u00fanica e exclusivamente a si, de modo que n\u00e3o pretende utilizar dados pessoais ou identificativos correspondentes a nenhum terceiro. Neste sentido, aceita e concorda comunicar qualquer modifica\u00e7\u00e3o que possa ocorrer sobre os seus dados, de acordo com o procedimento estabelecido no ponto 5.<\/p>\n<p>&nbsp;<\/p>\n<p><strong>1. A recolha e uso de dados de atividade f\u00edsica e de sa\u00fade ser\u00e1 feita e tratada com as seguintes finalidades que se detalham seguidamente<\/strong><\/p>\n<p><strong>1.1. A nossa App Mobile acede e utiliza os dados de sa\u00fade do seu smartphone\u00a0para fornecer funcionalidades que envolvem:<\/strong><\/p>\n<ul>\n<li>Leitura de dados de passos (stepdata):\u00a0para exibir informa\u00e7\u00f5es sobre a sua atividade f\u00edsica.<\/li>\n<li>Escrita de dados de passos (stepdata):\u00a0para registar atividades f\u00edsicas conforme definido e configurado por si no seu equipamento.<\/li>\n<\/ul>\n<p>Os dados acedidos s\u00e3o utilizados exclusivamente para os prop\u00f3sitos mencionados acima e n\u00e3o s\u00e3o compartilhados com terceiros sem o seu consentimento.<\/p>\n<p><strong>1.2. Consentimento do Utilizador<\/strong><\/p>\n<p>O acesso aos dados de sa\u00fade \u00e9 realizado somente com o seu consentimento expl\u00edcito, conforme requerido pelas permiss\u00f5es de leitura e escrita do dispositivo.<\/p>\n<p><strong>1.3. Armazenamento e Prote\u00e7\u00e3o de Dados<\/strong><\/p>\n<p>Os dados coletados e\/ou escritos pelo aplicativo s\u00e3o armazenados localmente no dispositivo e n\u00e3o s\u00e3o transferidos para servidores externos. Implementamos medidas de seguran\u00e7a para proteger seus dados contra acesso n\u00e3o autorizado ou uso indevido.<\/p>\n<p><strong>1.4. Partilha de Dados<\/strong><\/p>\n<p>N\u00e3o partilhamos, vendemos ou divulgamos os\u00a0seus dados de passos coletados no dispositivo\u00a0com terceiros.<\/p>\n<p><strong>1.5. Direitos do Utilizador<\/strong><\/p>\n<p>Voc\u00ea pode revogar as permiss\u00f5es concedidas ao aplicativo a qualquer momento diretamente nas configura\u00e7\u00f5es do\u00a0seu dispositivo.<\/p>\n<p><strong>1.6. Altera\u00e7\u00f5es na Pol\u00edtica de Privacidade<\/strong><\/p>\n<p>Reservamo-nos o direito de atualizar esta Pol\u00edtica de Privacidade a qualquer momento. Notificaremos os utilizadores sobre mudan\u00e7as significativas por meio de atualiza\u00e7\u00f5es no aplicativo ou outros meios apropriados.<\/p>\n<p>&nbsp;<\/p>\n<p><strong>2. Com que finalidade e qual a base de licitude com que tratamos os seus dados pessoais?<\/strong><\/p>\n<p><strong>2.1. Os dados pessoais ser\u00e3o recolhidos e tratados com as seguintes finalidades que se detalham seguidamente:<\/strong><\/p>\n<p>Gerir e manter a rela\u00e7\u00e3o contratual desde a realiza\u00e7\u00e3o do pedido at\u00e9 que a referida rela\u00e7\u00e3o termine, incluindo a verifica\u00e7\u00e3o de que o pedido realizado por si \u00e9 registado e entregue adequadamente, a realiza\u00e7\u00e3o das comunica\u00e7\u00f5es relacionadas com a presta\u00e7\u00e3o dos servi\u00e7os que sejam necess\u00e1rias, bem como a gest\u00e3o das consultas e reclama\u00e7\u00f5es do servi\u00e7o de informa\u00e7\u00f5es ao cliente.<\/p>\n<p><strong>2.2. Interesse leg\u00edtimo:<\/strong><\/p>\n<p>Realizar comunica\u00e7\u00f5es comerciais e\/ou publicit\u00e1rias, incluindo por meios eletr\u00f3nicos, com a finalidade de mant\u00ea-lo informado sobre produtos e servi\u00e7os similares aos do contrato, nomeadamente descontos e promo\u00e7\u00f5es.<\/p>\n<p><strong>2.3. Cumprimento de uma obriga\u00e7\u00e3o legal:<\/strong><\/p>\n<p>Comunicar informa\u00e7\u00e3o \u00e0s autoridades p\u00fablicas ou org\u00e3os governamentais nos casos em que tal comunica\u00e7\u00e3o seja necess\u00e1ria por lei.<\/p>\n<p><strong>2.4. Consentimento expresso:<\/strong><\/p>\n<p>Se o autoriza, os seus dados ser\u00e3o ainda usados para mant\u00ea-lo informado, incluindo por meios eletr\u00f3nicos, sobre os produtos e servi\u00e7os comercializados pela Cl\u00ednica M\u00e9dica Dr. Tallon, Lda e pela empresa de desenvolvimento UltraWise, Lda, permitindo a sua participa\u00e7\u00e3o em concursos e promo\u00e7\u00f5es, bem como conhecer o seu n\u00edvel de satisfa\u00e7\u00e3o de modo a melhorar e desenvolver os produtos e servi\u00e7os em conformidade com as suas necessidades e interesses.<\/p>\n<p>&nbsp;<\/p>\n<p><strong>3. Destinat\u00e1rios dos seus dados pessoais<\/strong><\/p>\n<p>A Cl\u00ednica M\u00e9dica Dr. Tallon, Lda e a empresa de desenvolvimento UltraWise, Lda, poder\u00e3o comunicar os seus dados pessoais \u00e0s seguintes entidades:<\/p>\n<p>3.1. Autoridades p\u00fablicas nos termos previstos na sec\u00e7\u00e3o 2.3 do ponto 2.<\/p>\n<p>&nbsp;<\/p>\n<p><strong>4. Conserva\u00e7\u00e3o dos seus dados pessoais<\/strong><\/p>\n<p>4.1. Os seus dados pessoais ser\u00e3o tratados e conservados pela Cl\u00ednica M\u00e9dica Dr. Tallon, Lda e pela empresa de desenvolvimento UltraWise, Lda, durante toda a dura\u00e7\u00e3o da rela\u00e7\u00e3o contratual consigo. Os crit\u00e9rios utilizados para estabelecer os prazos de conserva\u00e7\u00e3o dos seus dados foram determinados de acordo com os crit\u00e9rios estabelecidos na legisla\u00e7\u00e3o, regulamentos e diretrizes aplic\u00e1veis, assim como com os requisitos operacionais relacionados com a correta gest\u00e3o da rela\u00e7\u00e3o com os nossos clientes.<\/p>\n<p>4.2. N\u00e3o obstante o disposto anteriormente, os seus dados ser\u00e3o conservados devidamente bloqueados, pela dura\u00e7\u00e3o correspondente \u00e0 exist\u00eancia de responsabilidades de qualquer natureza, assim como para o cumprimento de outras obriga\u00e7\u00f5es legais. Nos referidos casos, garantimos que os seus dados n\u00e3o ser\u00e3o tratados, a menos que tal tratamento seja necess\u00e1rio para a formula\u00e7\u00e3o, exerc\u00edcio ou defesa de reclama\u00e7\u00f5es ou quando for necess\u00e1rio fornecer os mesmos \u00e0s Autoridades P\u00fablicas.<\/p>\n<p>&nbsp;<\/p>\n<p><strong>5. Os seus direitos<\/strong><\/p>\n<p>Poder\u00e1 exercer os seus direitos de acesso, retifica\u00e7\u00e3o, elimina\u00e7\u00e3o de dados, cancelamento e oposi\u00e7\u00e3o, bem como o direito \u00e0 limita\u00e7\u00e3o do tratamento e \u00e0 portabilidade dos seus dados pessoais e de sa\u00fade, acreditando a sua identidade (mediante a apresenta\u00e7\u00e3o de documento de identifica\u00e7\u00e3o v\u00e1lido) perante:<\/p>\n<p>5.1. Cl\u00ednica M\u00e9dica Dr. Tallon, Lda ou UltraWise, Lda, quer atrav\u00e9s de contato telef\u00f3nico ou atrav\u00e9s de correio para a seguinte morada: Campo Grande, N\u00ba 220 D, 1700-094 Lisboa, ou atrav\u00e9s de correio eletr\u00f3nico para o seguinte endere\u00e7o: info@clinicadrtallon.com.<\/p>\n<p>5.2. Contato telef\u00f3nico: +351 217\u00a0957 595<\/p>\n<p>&nbsp;<\/p>\n<p><strong>6. Crit\u00e9rios para Elimina\u00e7\u00e3o de Dados<\/strong><\/p>\n<p>Os dados pessoais e de sa\u00fade ser\u00e3o eliminados nas seguintes situa\u00e7\u00f5es:<\/p>\n<p>6.1. Quando a finalidade para a qual foram coletados ou tratados tiver sido alcan\u00e7ada e n\u00e3o houver necessidade legal ou leg\u00edtima para a sua reten\u00e7\u00e3o.<\/p>\n<p>6.2. Mediante solicita\u00e7\u00e3o do titular dos dados, exceto quando a reten\u00e7\u00e3o for exigida por lei ou para o cumprimento de obriga\u00e7\u00f5es contratuais.<\/p>\n<p>6.3. Quando forem identificados como desnecess\u00e1rios, excessivos ou tratados em desconformidade com a legisla\u00e7\u00e3o aplic\u00e1vel.<\/p>\n<p><strong>\u00a0<\/strong><\/p>\n<p><strong>7. Procedimentos para a Elimina\u00e7\u00e3o de Dados<\/strong><\/p>\n<p>7.1. A elimina\u00e7\u00e3o de dados ser\u00e1 realizada por meio de m\u00e9todos seguros e irrevers\u00edveis, incluindo, mas n\u00e3o se limitando a:<\/p>\n<ul>\n<li>Exclus\u00e3o permanente de bancos de dados digitais.<\/li>\n<li>Destrui\u00e7\u00e3o f\u00edsica de documentos impressos contendo dados pessoais.<\/li>\n<\/ul>\n<p>7.2. A elimina\u00e7\u00e3o ser\u00e1 registada em um relat\u00f3rio contendo a descri\u00e7\u00e3o dos dados eliminados, a data e o m\u00e9todo utilizado.<\/p>\n<p>&nbsp;<\/p>\n<p><strong>8. Reclama\u00e7\u00f5es<\/strong><\/p>\n<p>Se considera que a Cl\u00ednica M\u00e9dica Dr. Tallon, Lda ou a UltraWise, Lda, infringiram qualquer um dos direitos anteriormente mencionados, ter\u00e1 tamb\u00e9m o direito a apresentar uma reclama\u00e7\u00e3o perante a Comiss\u00e3o Nacional de Prote\u00e7\u00e3o de Dados.<\/p>\n<p>&nbsp;<\/p>\n<p>[\/et_pb_text][\/et_pb_column][\/et_pb_row][et_pb_row admin_label=&#8221;Livro de Reclama\u00e7\u00f5es Row&#8221; _builder_version=&#8221;4.19.5&#8243; _module_preset=&#8221;default&#8221; global_colors_info=&#8221;{}&#8221;][et_pb_column type=&#8221;4_4&#8243; _builder_version=&#8221;4.19.5&#8243; _module_preset=&#8221;default&#8221; global_colors_info=&#8221;{}&#8221;][et_pb_text admin_label=&#8221;Texto sobre Livro de Reclama\u00e7\u00f5es&#8221; _builder_version=&#8221;4.19.5&#8243; _module_preset=&#8221;default&#8221; global_colors_info=&#8221;{}&#8221;]<\/p>\n<p style=\"text-align: center;\">De acordo com os requisitos legais em vigor,<br \/>a Cl\u00ednica M\u00e9dica Dr. Tallon disp\u00f5e de Livro de Reclama\u00e7\u00f5es Eletr\u00f3nico.<\/p>\n<p>[\/et_pb_text][et_pb_image src=&#8221;https:\/\/clinicadrtallon.com\/wp-content\/uploads\/2023\/02\/LivroReclamacoesElectronico_LogoAzul_01.jpg&#8221; title_text=&#8221;LivroReclamacoesElectronico_LogoAzul_01&#8243; url=&#8221;https:\/\/www.livroreclamacoes.pt\/inicio&#8221; url_new_window=&#8221;on&#8221; align=&#8221;center&#8221; admin_label=&#8221;Logo e Link para Livro de Reclama\u00e7\u00f5es&#8221; _builder_version=&#8221;4.27.4&#8243; _module_preset=&#8221;default&#8221; global_colors_info=&#8221;{}&#8221;][\/et_pb_image][\/et_pb_column][\/et_pb_row][\/et_pb_section][et_pb_section fb_built=&#8221;1&#8243; admin_label=&#8221;Footer Section&#8221; _builder_version=&#8221;4.16&#8243; background_color=&#8221;#3e86c1&#8243; custom_padding=&#8221;0px|0px|0px|0px&#8221; locked=&#8221;off&#8221; global_colors_info=&#8221;{}&#8221;][et_pb_row column_structure=&#8221;1_3,1_3,1_3&#8243; admin_label=&#8221;Footer Row&#8221; _builder_version=&#8221;4.16&#8243; background_size=&#8221;initial&#8221; background_position=&#8221;top_left&#8221; background_repeat=&#8221;repeat&#8221; custom_padding=&#8221;26px|0px|25px|0px&#8221; global_colors_info=&#8221;{}&#8221;][et_pb_column type=&#8221;1_3&#8243; _builder_version=&#8221;4.16&#8243; custom_padding=&#8221;|||&#8221; global_colors_info=&#8221;{}&#8221; custom_padding__hover=&#8221;|||&#8221;][et_pb_image src=&#8221;https:\/\/clinicadrtallon.com\/wp-content\/uploads\/2018\/02\/UltraWise_03.png&#8221; url=&#8221;https:\/\/ultrawise.pt&#8221; url_new_window=&#8221;on&#8221; align_tablet=&#8221;center&#8221; align_phone=&#8221;&#8221; align_last_edited=&#8221;on|desktop&#8221; admin_label=&#8221;UltraWise&#8221; _builder_version=&#8221;4.27.6&#8243; global_colors_info=&#8221;{}&#8221;]<\/p>\n<p>\n&nbsp;<\/p>\n<p>[\/et_pb_image][\/et_pb_column][et_pb_column type=&#8221;1_3&#8243; _builder_version=&#8221;4.16&#8243; custom_padding=&#8221;|||&#8221; global_colors_info=&#8221;{}&#8221; custom_padding__hover=&#8221;|||&#8221;][et_pb_text admin_label=&#8221;Privacidade&#8221; _builder_version=&#8221;4.27.6&#8243; custom_padding=&#8221;20px|||&#8221; z_index_tablet=&#8221;500&#8243; global_colors_info=&#8221;{}&#8221;]<\/p>\n<p style=\"text-align: center;\">\u00a0<span style=\"color: #ffffff;\"><a style=\"color: #ffffff;\" href=\"https:\/\/clinicadrtallon.com\/privacidade\/\">Pol\u00edtica de Privacidade<\/a><\/span><\/p>\n<p>[\/et_pb_text][\/et_pb_column][et_pb_column type=&#8221;1_3&#8243; _builder_version=&#8221;4.16&#8243; custom_padding=&#8221;|||&#8221; global_colors_info=&#8221;{}&#8221; custom_padding__hover=&#8221;|||&#8221;][et_pb_blurb admin_label=&#8221;Redes Sociais&#8221; _builder_version=&#8221;4.16&#8243; body_text_align=&#8221;right&#8221; text_orientation=&#8221;right&#8221; z_index_tablet=&#8221;500&#8243; header_text_shadow_horizontal_length_tablet=&#8221;0px&#8221; header_text_shadow_vertical_length_tablet=&#8221;0px&#8221; header_text_shadow_blur_strength_tablet=&#8221;1px&#8221; body_text_shadow_horizontal_length_tablet=&#8221;0px&#8221; body_text_shadow_vertical_length_tablet=&#8221;0px&#8221; body_text_shadow_blur_strength_tablet=&#8221;1px&#8221; body_link_text_shadow_horizontal_length_tablet=&#8221;0px&#8221; body_link_text_shadow_vertical_length_tablet=&#8221;0px&#8221; body_link_text_shadow_blur_strength_tablet=&#8221;1px&#8221; body_ul_text_shadow_horizontal_length_tablet=&#8221;0px&#8221; body_ul_text_shadow_vertical_length_tablet=&#8221;0px&#8221; body_ul_text_shadow_blur_strength_tablet=&#8221;1px&#8221; body_ol_text_shadow_horizontal_length_tablet=&#8221;0px&#8221; body_ol_text_shadow_vertical_length_tablet=&#8221;0px&#8221; body_ol_text_shadow_blur_strength_tablet=&#8221;1px&#8221; body_quote_text_shadow_horizontal_length_tablet=&#8221;0px&#8221; body_quote_text_shadow_vertical_length_tablet=&#8221;0px&#8221; body_quote_text_shadow_blur_strength_tablet=&#8221;1px&#8221; box_shadow_horizontal_tablet=&#8221;0px&#8221; box_shadow_vertical_tablet=&#8221;0px&#8221; box_shadow_blur_tablet=&#8221;40px&#8221; box_shadow_spread_tablet=&#8221;0px&#8221; box_shadow_horizontal_image_tablet=&#8221;0px&#8221; box_shadow_vertical_image_tablet=&#8221;0px&#8221; box_shadow_blur_image_tablet=&#8221;40px&#8221; box_shadow_spread_image_tablet=&#8221;0px&#8221; text_shadow_horizontal_length_tablet=&#8221;0px&#8221; text_shadow_vertical_length_tablet=&#8221;0px&#8221; text_shadow_blur_strength_tablet=&#8221;1px&#8221; locked=&#8221;off&#8221; global_colors_info=&#8221;{}&#8221;]<\/p>\n<p><a href=\"https:\/\/www.facebook.com\/clinicatallon\/\" target=\"_blank\" rel=\"noopener noreferrer\"><img loading=\"lazy\" decoding=\"async\" class=\"alignnone wp-image-1124 size-full\" src=\"https:\/\/clinicadrtallon.com\/wp-content\/uploads\/2018\/11\/Facebook_05.png\" alt=\"\" width=\"70\" height=\"50\" \/><\/a><a href=\"https:\/\/www.instagram.com\/clinicadrtallon\/\" target=\"_blank\" rel=\"noopener noreferrer\"><img loading=\"lazy\" decoding=\"async\" class=\"alignnone wp-image-2833 size-full\" src=\"https:\/\/clinicadrtallon.com\/wp-content\/uploads\/2022\/01\/Instagram_05.png\" alt=\"\" width=\"70\" height=\"50\" srcset=\"https:\/\/clinicadrtallon.com\/wp-content\/uploads\/2022\/01\/Instagram_05.png 70w, https:\/\/clinicadrtallon.com\/wp-content\/uploads\/2022\/01\/Instagram_05-18x12.png 18w\" sizes=\"(max-width: 70px) 100vw, 70px\" \/><\/a> <a href=\"https:\/\/www.youtube.com\/channel\/UC_ztQaY26Y0avsaJw-RcrhA\" target=\"_blank\" rel=\"noopener noreferrer\"><img loading=\"lazy\" decoding=\"async\" class=\"alignnone wp-image-2834 size-full\" src=\"https:\/\/clinicadrtallon.com\/wp-content\/uploads\/2022\/01\/YouTube_03.png\" alt=\"\" width=\"70\" height=\"50\" srcset=\"https:\/\/clinicadrtallon.com\/wp-content\/uploads\/2022\/01\/YouTube_03.png 70w, https:\/\/clinicadrtallon.com\/wp-content\/uploads\/2022\/01\/YouTube_03-18x12.png 18w\" sizes=\"(max-width: 70px) 100vw, 70px\" \/><\/a><\/p>\n<p>[\/et_pb_blurb][\/et_pb_column][\/et_pb_row][\/et_pb_section]<\/p>\n","protected":false},"excerpt":{"rendered":"<p>Pol\u00edtica de Privacidade e de Elimina\u00e7\u00e3o de Dados \u00a0 Informa\u00e7\u00f5es e Direitos (Regulamento Geral de Prote\u00e7\u00e3o de Dados) i. Informamos que os dados pessoais fornecidos no \u00e2mbito do presente pedido de servi\u00e7o ser\u00e3o tratados com as finalidades descritas abaixo. ii. Salvo indica\u00e7\u00e3o expressa em contr\u00e1rio no momento da recolha, todos os dados pessoais recolhidos s\u00e3o [&hellip;]<\/p>\n","protected":false},"author":1,"featured_media":0,"parent":0,"menu_order":0,"comment_status":"closed","ping_status":"closed","template":"","meta":{"_et_pb_use_builder":"on","_et_pb_old_content":"<h2>Who we are<\/h2><p>Our website address is: http:\/\/clinicadrtallon.com.<\/p><h2>What personal data we collect and why we collect it<\/h2><h3>Comments<\/h3><p>When visitors leave comments on the site we collect the data shown in the comments form, and also the visitor\u2019s IP address and browser user agent string to help spam detection.<\/p><p>An anonymised string created from your email address (also called a hash) may be provided to the Gravatar service to see if you are using it. The Gravatar service privacy policy is available here: https:\/\/automattic.com\/privacy\/. After approval of your comment, your profile picture is visible to the public in the context of your comment.<\/p><h3>Media<\/h3><p>If you upload images to the website, you should avoid uploading images with embedded location data (EXIF GPS) included. Visitors to the website can download and extract any location data from images on the website.<\/p><h3>Contact forms<\/h3><h3>Cookies<\/h3><p>If you leave a comment on our site you may opt-in to saving your name, email address and website in cookies. These are for your convenience so that you do not have to fill in your details again when you leave another comment. These cookies will last for one year.<\/p><p>If you have an account and you log in to this site, we will set a temporary cookie to determine if your browser accepts cookies. This cookie contains no personal data and is discarded when you close your browser.<\/p><p>When you log in, we will also set up several cookies to save your login information and your screen display choices. Login cookies last for two days, and screen options cookies last for a year. If you select \"Remember Me\", your login will persist for two weeks. If you log out of your account, the login cookies will be removed.<\/p><p>If you edit or publish an article, an additional cookie will be saved in your browser. This cookie includes no personal data and simply indicates the post ID of the article you just edited. It expires after 1 day.<\/p><h3>Embedded content from other websites<\/h3><p>Articles on this site may include embedded content (e.g. videos, images, articles, etc.). Embedded content from other websites behaves in the exact same way as if the visitor has visited the other website.<\/p><p>These websites may collect data about you, use cookies, embed additional third-party tracking, and monitor your interaction with that embedded content, including tracing your interaction with the embedded content if you have an account and are logged in to that website.<\/p><h3>Analytics<\/h3><h2>Who we share your data with<\/h2><h2>How long we retain your data<\/h2><p>If you leave a comment, the comment and its metadata are retained indefinitely. This is so we can recognise and approve any follow-up comments automatically instead of holding them in a moderation queue.<\/p><p>For users that register on our website (if any), we also store the personal information they provide in their user profile. All users can see, edit, or delete their personal information at any time (except they cannot change their username). Website administrators can also see and edit that information.<\/p><h2>What rights you have over your data<\/h2><p>If you have an account on this site, or have left comments, you can request to receive an exported file of the personal data we hold about you, including any data you have provided to us. You can also request that we erase any personal data we hold about you. This does not include any data we are obliged to keep for administrative, legal, or security purposes.<\/p><h2>Where we send your data<\/h2><p>Visitor comments may be checked through an automated spam detection service.<\/p><h2>Your contact information<\/h2><h2>Additional information<\/h2><h3>How we protect your data<\/h3><h3>What data breach procedures we have in place<\/h3><h3>What third parties we receive data from<\/h3><h3>What automated decision making and\/or profiling we do with user data<\/h3><h3>Industry regulatory disclosure requirements<\/h3>","_et_gb_content_width":"","footnotes":""},"class_list":["post-799","page","type-page","status-publish","hentry"],"_links":{"self":[{"href":"https:\/\/clinicadrtallon.com\/en\/wp-json\/wp\/v2\/pages\/799","targetHints":{"allow":["GET"]}}],"collection":[{"href":"https:\/\/clinicadrtallon.com\/en\/wp-json\/wp\/v2\/pages"}],"about":[{"href":"https:\/\/clinicadrtallon.com\/en\/wp-json\/wp\/v2\/types\/page"}],"author":[{"embeddable":true,"href":"https:\/\/clinicadrtallon.com\/en\/wp-json\/wp\/v2\/users\/1"}],"replies":[{"embeddable":true,"href":"https:\/\/clinicadrtallon.com\/en\/wp-json\/wp\/v2\/comments?post=799"}],"version-history":[{"count":9,"href":"https:\/\/clinicadrtallon.com\/en\/wp-json\/wp\/v2\/pages\/799\/revisions"}],"predecessor-version":[{"id":5866,"href":"https:\/\/clinicadrtallon.com\/en\/wp-json\/wp\/v2\/pages\/799\/revisions\/5866"}],"wp:attachment":[{"href":"https:\/\/clinicadrtallon.com\/en\/wp-json\/wp\/v2\/media?parent=799"}],"curies":[{"name":"wp","href":"https:\/\/api.w.org\/{rel}","templated":true}]}}