{"id":957,"date":"2018-06-08T23:52:59","date_gmt":"2018-06-08T23:52:59","guid":{"rendered":"http:\/\/clinicadrtallon.com\/?page_id=957"},"modified":"2024-12-17T12:36:01","modified_gmt":"2024-12-17T12:36:01","slug":"hydrofor","status":"publish","type":"page","link":"https:\/\/clinicadrtallon.com\/en\/estetica\/hydrofor\/","title":{"rendered":"HYDROFOR"},"content":{"rendered":"<p>[et_pb_section fb_built=&#8221;1&#8243; fullwidth=&#8221;on&#8221; _builder_version=&#8221;4.16&#8243; box_shadow_style=&#8221;preset3&#8243; global_colors_info=&#8221;{}&#8221;][et_pb_fullwidth_image src=&#8221;https:\/\/clinicadrtallon.com\/wp-content\/uploads\/2022\/02\/Hydrofor-Clinica-Dr.-Tallon.jpg&#8221; alt=&#8221;Hydrofor Cl\u00ednica Dr. Tallon&#8221; title_text=&#8221;Hydrofor Cl\u00ednica Dr. Tallon&#8221; _builder_version=&#8221;4.16&#8243; animation_style=&#8221;fade&#8221; box_shadow_style=&#8221;preset3&#8243; box_shadow_position=&#8221;inner&#8221; global_colors_info=&#8221;{}&#8221;]<\/p>\n<p>\n&nbsp;<\/p>\n<p>[\/et_pb_fullwidth_image][\/et_pb_section][et_pb_section fb_built=&#8221;1&#8243; specialty=&#8221;on&#8221; _builder_version=&#8221;4.16&#8243; custom_padding=&#8221;27px|0px|0|0px|false|false&#8221; global_colors_info=&#8221;{}&#8221;][et_pb_column type=&#8221;1_4&#8243; _builder_version=&#8221;4.16&#8243; custom_padding=&#8221;|||&#8221; global_colors_info=&#8221;{}&#8221; custom_padding__hover=&#8221;|||&#8221;][et_pb_sidebar area=&#8221;et_pb_widget_area_1&#8243; _builder_version=&#8221;4.16&#8243; header_font=&#8221;|800|||||||&#8221; header_font_size=&#8221;16px&#8221; global_colors_info=&#8221;{}&#8221;][\/et_pb_sidebar][\/et_pb_column][et_pb_column type=&#8221;3_4&#8243; specialty_columns=&#8221;3&#8243; _builder_version=&#8221;4.16&#8243; custom_padding=&#8221;|||&#8221; global_colors_info=&#8221;{}&#8221; custom_padding__hover=&#8221;|||&#8221;][et_pb_row_inner admin_label=&#8221;Row&#8221; _builder_version=&#8221;4.16&#8243; global_colors_info=&#8221;{}&#8221;][et_pb_column_inner saved_specialty_column_type=&#8221;3_4&#8243; _builder_version=&#8221;4.16&#8243; custom_padding=&#8221;|||&#8221; global_colors_info=&#8221;{}&#8221; custom_padding__hover=&#8221;|||&#8221;][et_pb_text admin_label=&#8221;Hydrofor&#8221; _builder_version=&#8221;4.16&#8243; text_orientation=&#8221;justified&#8221; global_colors_info=&#8221;{}&#8221;]<\/p>\n<h2><span style=\"color: #2b94de;\"><strong>Hydrofor<\/strong><\/span><\/h2>\n<p>[\/et_pb_text][et_pb_text admin_label=&#8221;Texto&#8221; _builder_version=&#8221;4.27.4&#8243; text_font_size=&#8221;16px&#8221; text_line_height=&#8221;1.8em&#8221; text_orientation=&#8221;justified&#8221; hover_enabled=&#8221;0&#8243; global_colors_info=&#8221;{}&#8221; sticky_enabled=&#8221;0&#8243;]<\/p>\n<p>O <strong>Hydrofor<\/strong> \u00e9 um dispositivo m\u00e9dico, com tecnologia inovadora n\u00e3o invasiva, que recorre a <strong>correntes pulsadas<\/strong>, para introdu\u00e7\u00e3o de medicamentos, vitaminas, minerais, antioxidantes e etc., no interior dos tecidos (adaptadas a cada terapia).<\/p>\n<p>Permite assim, rapidez de penetra\u00e7\u00e3o e uma maior concentra\u00e7\u00e3o de subst\u00e2ncias na \u00e1rea a tratar, exercendo efeitos t\u00f3nicos, lipol\u00edticos e circulat\u00f3rios no interior dos tecidos.<\/p>\n<p><strong>Usos mais frequentes do hydrofor<\/strong>:<\/p>\n<ul>\n<li><strong>Gordura localizada e celulite<\/strong> (mesoterapia sem agulha).<\/li>\n<li><strong>Tonifica\u00e7\u00e3o muscular<\/strong> (facial e corporal).<\/li>\n<li><strong>Flacidez e estrias<\/strong><\/li>\n<li><strong>Aumento e reafirma\u00e7\u00e3o de seios<\/strong><\/li>\n<li>Rejuvenescimento e anti-rugas<\/li>\n<li>Lifting<\/li>\n<li>Acne<\/li>\n<li>Manchas no rosto<\/li>\n<\/ul>\n<p>Quando decide combater a celulite pode agir em v\u00e1rias frentes: nutri\u00e7\u00e3o, estilo de vida, atividade f\u00edsica, suplementos alimentares e tratamentos cosm\u00e9ticos, est\u00e9ticos ou m\u00e9dicos.<\/p>\n<p>Que unidades cada tratamento \u00e9 <strong>uma an\u00e1lise correta da condi\u00e7\u00e3o inicial<\/strong>: isto permite-lhe compreender a verdadeira extens\u00e3o do problema e, em seguida, decidir tanto o especialista como a abordagem a utilizar.<\/p>\n<p><strong>A an\u00e1lise da celulite<\/strong> pode ser realizada atrav\u00e9s <strong>da termografia de contacto<\/strong>, um exame especial e n\u00e3o invasivo que permite ver a situa\u00e7\u00e3o dos tecidos subjacentes classificando a celulite numa das suas 4 condi\u00e7\u00f5es (ausente, edematosa, fibrosa ou escler\u00f3tica).<\/p>\n<p>Esta an\u00e1lise ocorre simplesmente colocando as <strong>placas termogr\u00e1ficas<\/strong> na \u00e1rea afetada: em poucos segundos, ser\u00e1 poss\u00edvel visualizar uma imagem de cor de alta resolu\u00e7\u00e3o, que reflete a situa\u00e7\u00e3o dos tecidos subjacentes. O sistema \u00e9 t\u00e3o sens\u00edvel <strong>que permite detetar a presen\u00e7a de celulite numa fase inicial<\/strong>: mesmo quando ainda n\u00e3o \u00e9 vis\u00edvel a olho nu ou detet\u00e1vel em palpa\u00e7\u00e3o, permitindo agir prontamente numa perspetiva preventiva.<\/p>\n<p>Uma vez determinada a condi\u00e7\u00e3o inicial, \u00e9 poss\u00edvel optar por um tratamento como <strong>a hydroforming<\/strong>: uma t\u00e9cnica que consiste em penetrar ingredientes ativos (especialmente concebidos para combater a celulite) profundamente e sem o uso invasivo de agulhas ou seringas.<\/p>\n<p>\u00c9 uma <strong>abordagem m\u00e9dica<\/strong> que envolve a personaliza\u00e7\u00e3o do medicamento usado, com base no sujeito e no tipo de necessidade necess\u00e1ria.<\/p>\n<p>A difus\u00e3o dos princ\u00edpios ativos ocorre atrav\u00e9s de uma massagem realizada por uma pe\u00e7a de m\u00e3o tecnologicamente avan\u00e7ada que, com o seu movimento, tamb\u00e9m ajudar\u00e1 a reativar e estimular a circula\u00e7\u00e3o, e promover a oxigena\u00e7\u00e3o da pele.<\/p>\n<p>Normalmente, este tratamento tem uma dura\u00e7\u00e3o vari\u00e1vel de cerca de 45-60 minutos e \u00e9 repetido, dependendo da gravidade da condi\u00e7\u00e3o a ser tratada, para 6-8 sess\u00f5es: \u00e9 uma t\u00e9cnica que n\u00e3o fornece contraindica\u00e7\u00f5es particulares, no entanto \u00e9 sempre necess\u00e1ria uma entrevista preventiva com o m\u00e9dico, a fim de excluir a presen\u00e7a de quaisquer alergias a um ou mais ingredientes ativos utilizados pela m\u00e1quina.<\/p>\n<p>A <strong>hydroforming<\/strong> n\u00e3o \u00e9 recomendada no caso de doentes com doen\u00e7as cardiovasculares ou diab\u00e9ticos, com doen\u00e7as degenerativas ou em estado de gravidez.<\/p>\n<p>Por \u00faltimo, pode empregar<strong> a termografia de contacto<\/strong> para acompanhar o progresso do tratamento, permitindo-lhe detetar todas as pequenas altera\u00e7\u00f5es no estado do tecido subcut\u00e2neo: uma excelente forma de descobrir a efic\u00e1cia do tratamento e, consequentemente, construir a fideliza\u00e7\u00e3o do cliente.<\/p>\n<p>O tratamento hydrofor \u00e9 pois aconselhado para uma s\u00e9rie de situa\u00e7\u00f5es pela sua sofisiticada tecnologia e car\u00e1ter n\u00e3o invasivo.<\/p>\n<p>Gra\u00e7as ao <strong>Hydrofor<\/strong> deixa de haver quaisquer complica\u00e7\u00f5es relacionadas com as agulhas.<\/p>\n<p>Atrav\u00e9s da\u00a0<strong>Hydrofor<\/strong> passa a ser poss\u00edvel efetuar terapias locais.<\/p>\n<p>As substancias veiculadas atrav\u00e9s deste aparelho permitem a sua atividade imediata at\u00e9 uma profundidade de 10 centimetros.<\/p>\n<p>Isso s\u00f3 \u00e9 possivel gra\u00e7as \u00e0 utiliza\u00e7\u00e3o de v\u00e1rias frequ\u00eancias que ter\u00e3o impacto maior ou menor.<\/p>\n<p>Se precisar de mais informa\u00e7\u00e3o n\u00e3o hesite em falar com a <a href=\"https:\/\/clinicadrtallon.com\/\">Clinica Dr. Tallon.\u00a0<\/a><\/p>\n<p>Marque uma consulta num dos nossos centros espalhados pelo Pa\u00eds ou marque uma <a href=\"https:\/\/clinicadrtallon.com\/consultaonline\/\">consulta por videoconfer\u00eancia<\/a><\/p>\n<p>Se tiver d\u00favidas n\u00e3o hesite em usar o nosso chat para as esclarecer.<\/p>\n<p>Esperamos por si!<\/p>\n<p>[\/et_pb_text][et_pb_image src=&#8221;https:\/\/clinicadrtallon.com\/wp-content\/uploads\/2018\/06\/01_Hydrofor_01.jpg&#8221; align_tablet=&#8221;center&#8221; align_phone=&#8221;&#8221; align_last_edited=&#8221;on|desktop&#8221; admin_label=&#8221;Imagem&#8221; _builder_version=&#8221;4.16&#8243; animation_style=&#8221;fade&#8221; box_shadow_style=&#8221;preset1&#8243; box_shadow_blur=&#8221;8px&#8221; global_colors_info=&#8221;{}&#8221;]<\/p>\n<p>\n&nbsp;<\/p>\n<p>[\/et_pb_image][et_pb_button button_url=&#8221;https:\/\/clinicadrtallon.com\/contact\/&#8221; button_text=&#8221;Fa\u00e7a j\u00e1 a sua marca\u00e7\u00e3o&#8221; button_alignment=&#8221;center&#8221; admin_label=&#8221;Bot\u00e3o Marca\u00e7\u00e3o&#8221; _builder_version=&#8221;4.17.3&#8243; custom_button=&#8221;on&#8221; button_bg_color=&#8221;#1e73be&#8221; button_border_width=&#8221;0&#8243; button_icon=&#8221;&#x35;||divi||400&#8243; background_layout=&#8221;dark&#8221; box_shadow_style=&#8221;preset2&#8243; global_colors_info=&#8221;{}&#8221; button_text_size__hover_enabled=&#8221;off&#8221; button_text_size__hover=&#8221;null&#8221; button_one_text_size__hover_enabled=&#8221;off&#8221; button_one_text_size__hover=&#8221;null&#8221; button_two_text_size__hover_enabled=&#8221;off&#8221; button_two_text_size__hover=&#8221;null&#8221; button_text_color__hover_enabled=&#8221;off&#8221; button_text_color__hover=&#8221;null&#8221; button_one_text_color__hover_enabled=&#8221;off&#8221; button_one_text_color__hover=&#8221;null&#8221; button_two_text_color__hover_enabled=&#8221;off&#8221; button_two_text_color__hover=&#8221;null&#8221; button_border_width__hover_enabled=&#8221;off&#8221; button_border_width__hover=&#8221;null&#8221; button_one_border_width__hover_enabled=&#8221;off&#8221; button_one_border_width__hover=&#8221;null&#8221; button_two_border_width__hover_enabled=&#8221;off&#8221; button_two_border_width__hover=&#8221;null&#8221; button_border_color__hover_enabled=&#8221;off&#8221; button_border_color__hover=&#8221;null&#8221; button_one_border_color__hover_enabled=&#8221;off&#8221; button_one_border_color__hover=&#8221;null&#8221; button_two_border_color__hover_enabled=&#8221;off&#8221; button_two_border_color__hover=&#8221;null&#8221; button_border_radius__hover_enabled=&#8221;off&#8221; button_border_radius__hover=&#8221;null&#8221; button_one_border_radius__hover_enabled=&#8221;off&#8221; button_one_border_radius__hover=&#8221;null&#8221; button_two_border_radius__hover_enabled=&#8221;off&#8221; button_two_border_radius__hover=&#8221;null&#8221; button_letter_spacing__hover_enabled=&#8221;off&#8221; button_letter_spacing__hover=&#8221;null&#8221; button_one_letter_spacing__hover_enabled=&#8221;off&#8221; button_one_letter_spacing__hover=&#8221;null&#8221; button_two_letter_spacing__hover_enabled=&#8221;off&#8221; button_two_letter_spacing__hover=&#8221;null&#8221; button_bg_color__hover_enabled=&#8221;off&#8221; button_bg_color__hover=&#8221;null&#8221; button_one_bg_color__hover_enabled=&#8221;off&#8221; button_one_bg_color__hover=&#8221;null&#8221; button_two_bg_color__hover_enabled=&#8221;off&#8221; button_two_bg_color__hover=&#8221;null&#8221;]<\/p>\n<p>\n&nbsp;<\/p>\n<p>[\/et_pb_button][\/et_pb_column_inner][\/et_pb_row_inner][\/et_pb_column][\/et_pb_section][et_pb_section fb_built=&#8221;1&#8243; _builder_version=&#8221;4.16&#8243; background_color=&#8221;#3e86c1&#8243; custom_padding=&#8221;0px|0px|0px|0px&#8221; global_colors_info=&#8221;{}&#8221;][et_pb_row column_structure=&#8221;1_3,1_3,1_3&#8243; _builder_version=&#8221;4.16&#8243; background_size=&#8221;initial&#8221; background_position=&#8221;top_left&#8221; background_repeat=&#8221;repeat&#8221; custom_padding=&#8221;26px|0px|25px|0px&#8221; global_colors_info=&#8221;{}&#8221;][et_pb_column type=&#8221;1_3&#8243; _builder_version=&#8221;4.16&#8243; custom_padding=&#8221;|||&#8221; global_colors_info=&#8221;{}&#8221; custom_padding__hover=&#8221;|||&#8221;][et_pb_image src=&#8221;https:\/\/clinicadrtallon.com\/wp-content\/uploads\/2018\/02\/UltraWise_03.png&#8221; url=&#8221;http:\/\/www.ultrawise.pt&#8221; url_new_window=&#8221;on&#8221; align_tablet=&#8221;center&#8221; align_phone=&#8221;&#8221; align_last_edited=&#8221;on|desktop&#8221; admin_label=&#8221;UltraWise&#8221; _builder_version=&#8221;4.16&#8243; global_colors_info=&#8221;{}&#8221;]<\/p>\n<p>\n&nbsp;<\/p>\n<p>[\/et_pb_image][\/et_pb_column][et_pb_column type=&#8221;1_3&#8243; _builder_version=&#8221;4.16&#8243; custom_padding=&#8221;|||&#8221; global_colors_info=&#8221;{}&#8221; custom_padding__hover=&#8221;|||&#8221;][et_pb_text admin_label=&#8221;Privacidade&#8221; _builder_version=&#8221;4.16&#8243; custom_padding=&#8221;20px|||&#8221; z_index_tablet=&#8221;500&#8243; global_colors_info=&#8221;{}&#8221;]<\/p>\n<p style=\"text-align: center;\">\u00a0<span style=\"color: #ffffff;\"><a style=\"color: #ffffff;\" href=\"https:\/\/clinicadrtallon.com\/privacidade\/\">Pol\u00edtica de Privacidade<\/a><\/span><\/p>\n<p>[\/et_pb_text][\/et_pb_column][et_pb_column type=&#8221;1_3&#8243; _builder_version=&#8221;4.16&#8243; custom_padding=&#8221;|||&#8221; global_colors_info=&#8221;{}&#8221; custom_padding__hover=&#8221;|||&#8221;][et_pb_blurb admin_label=&#8221;Redes Sociais&#8221; _builder_version=&#8221;4.16&#8243; body_text_align=&#8221;right&#8221; text_orientation=&#8221;right&#8221; z_index_tablet=&#8221;500&#8243; header_text_shadow_horizontal_length_tablet=&#8221;0px&#8221; header_text_shadow_vertical_length_tablet=&#8221;0px&#8221; header_text_shadow_blur_strength_tablet=&#8221;1px&#8221; body_text_shadow_horizontal_length_tablet=&#8221;0px&#8221; body_text_shadow_vertical_length_tablet=&#8221;0px&#8221; body_text_shadow_blur_strength_tablet=&#8221;1px&#8221; body_link_text_shadow_horizontal_length_tablet=&#8221;0px&#8221; body_link_text_shadow_vertical_length_tablet=&#8221;0px&#8221; body_link_text_shadow_blur_strength_tablet=&#8221;1px&#8221; body_ul_text_shadow_horizontal_length_tablet=&#8221;0px&#8221; body_ul_text_shadow_vertical_length_tablet=&#8221;0px&#8221; body_ul_text_shadow_blur_strength_tablet=&#8221;1px&#8221; body_ol_text_shadow_horizontal_length_tablet=&#8221;0px&#8221; body_ol_text_shadow_vertical_length_tablet=&#8221;0px&#8221; body_ol_text_shadow_blur_strength_tablet=&#8221;1px&#8221; body_quote_text_shadow_horizontal_length_tablet=&#8221;0px&#8221; body_quote_text_shadow_vertical_length_tablet=&#8221;0px&#8221; body_quote_text_shadow_blur_strength_tablet=&#8221;1px&#8221; box_shadow_horizontal_tablet=&#8221;0px&#8221; box_shadow_vertical_tablet=&#8221;0px&#8221; box_shadow_blur_tablet=&#8221;40px&#8221; box_shadow_spread_tablet=&#8221;0px&#8221; box_shadow_horizontal_image_tablet=&#8221;0px&#8221; box_shadow_vertical_image_tablet=&#8221;0px&#8221; box_shadow_blur_image_tablet=&#8221;40px&#8221; box_shadow_spread_image_tablet=&#8221;0px&#8221; text_shadow_horizontal_length_tablet=&#8221;0px&#8221; text_shadow_vertical_length_tablet=&#8221;0px&#8221; text_shadow_blur_strength_tablet=&#8221;1px&#8221; locked=&#8221;off&#8221; global_colors_info=&#8221;{}&#8221;]<\/p>\n<p><a href=\"https:\/\/www.facebook.com\/clinicatallon\/\" target=\"_blank\" rel=\"noopener noreferrer\"><img loading=\"lazy\" decoding=\"async\" class=\"alignnone wp-image-1124 size-full\" src=\"https:\/\/clinicadrtallon.com\/wp-content\/uploads\/2018\/11\/Facebook_05.png\" alt=\"\" width=\"70\" height=\"50\" \/><\/a><a href=\"https:\/\/www.instagram.com\/clinicadrtallon\/\" target=\"_blank\" rel=\"noopener noreferrer\"><img loading=\"lazy\" decoding=\"async\" class=\"alignnone wp-image-2833 size-full\" src=\"https:\/\/clinicadrtallon.com\/wp-content\/uploads\/2022\/01\/Instagram_05.png\" alt=\"\" width=\"70\" height=\"50\" srcset=\"https:\/\/clinicadrtallon.com\/wp-content\/uploads\/2022\/01\/Instagram_05.png 70w, https:\/\/clinicadrtallon.com\/wp-content\/uploads\/2022\/01\/Instagram_05-18x12.png 18w\" sizes=\"(max-width: 70px) 100vw, 70px\" \/><\/a> <a href=\"https:\/\/www.youtube.com\/channel\/UC_ztQaY26Y0avsaJw-RcrhA\" target=\"_blank\" rel=\"noopener noreferrer\"><img loading=\"lazy\" decoding=\"async\" class=\"alignnone wp-image-2834 size-full\" src=\"https:\/\/clinicadrtallon.com\/wp-content\/uploads\/2022\/01\/YouTube_03.png\" alt=\"\" width=\"70\" height=\"50\" srcset=\"https:\/\/clinicadrtallon.com\/wp-content\/uploads\/2022\/01\/YouTube_03.png 70w, https:\/\/clinicadrtallon.com\/wp-content\/uploads\/2022\/01\/YouTube_03-18x12.png 18w\" sizes=\"(max-width: 70px) 100vw, 70px\" \/><\/a><\/p>\n<p>[\/et_pb_blurb][\/et_pb_column][\/et_pb_row][\/et_pb_section]<\/p>\n","protected":false},"excerpt":{"rendered":"<p>&nbsp; HydroforO Hydrofor \u00e9 um dispositivo m\u00e9dico, com tecnologia inovadora n\u00e3o invasiva, que recorre a correntes pulsadas, para introdu\u00e7\u00e3o de medicamentos, vitaminas, minerais, antioxidantes e etc., no interior dos tecidos (adaptadas a cada terapia). Permite assim, rapidez de penetra\u00e7\u00e3o e uma maior concentra\u00e7\u00e3o de subst\u00e2ncias na \u00e1rea a tratar, exercendo efeitos t\u00f3nicos, lipol\u00edticos e circulat\u00f3rios [&hellip;]<\/p>\n","protected":false},"author":1,"featured_media":0,"parent":154,"menu_order":0,"comment_status":"closed","ping_status":"closed","template":"","meta":{"_et_pb_use_builder":"on","_et_pb_old_content":"","_et_gb_content_width":"","footnotes":""},"class_list":["post-957","page","type-page","status-publish","hentry"],"_links":{"self":[{"href":"https:\/\/clinicadrtallon.com\/en\/wp-json\/wp\/v2\/pages\/957","targetHints":{"allow":["GET"]}}],"collection":[{"href":"https:\/\/clinicadrtallon.com\/en\/wp-json\/wp\/v2\/pages"}],"about":[{"href":"https:\/\/clinicadrtallon.com\/en\/wp-json\/wp\/v2\/types\/page"}],"author":[{"embeddable":true,"href":"https:\/\/clinicadrtallon.com\/en\/wp-json\/wp\/v2\/users\/1"}],"replies":[{"embeddable":true,"href":"https:\/\/clinicadrtallon.com\/en\/wp-json\/wp\/v2\/comments?post=957"}],"version-history":[{"count":2,"href":"https:\/\/clinicadrtallon.com\/en\/wp-json\/wp\/v2\/pages\/957\/revisions"}],"predecessor-version":[{"id":5113,"href":"https:\/\/clinicadrtallon.com\/en\/wp-json\/wp\/v2\/pages\/957\/revisions\/5113"}],"up":[{"embeddable":true,"href":"https:\/\/clinicadrtallon.com\/en\/wp-json\/wp\/v2\/pages\/154"}],"wp:attachment":[{"href":"https:\/\/clinicadrtallon.com\/en\/wp-json\/wp\/v2\/media?parent=957"}],"curies":[{"name":"wp","href":"https:\/\/api.w.org\/{rel}","templated":true}]}}